{"id":6054,"date":"2021-03-12T11:28:12","date_gmt":"2021-03-12T10:28:12","guid":{"rendered":"https:\/\/www.campinglekervastard.com\/a-voir\/"},"modified":"2024-05-13T16:53:03","modified_gmt":"2024-05-13T14:53:03","slug":"to-see","status":"publish","type":"page","link":"https:\/\/www.campinglekervastard.com\/en\/to-see\/","title":{"rendered":"TO SEE &#8211; TO DO"},"content":{"rendered":"<div class=\"bloc-texte full\"><div class=\"texte left\"><p>Discover Finist\u00e8re and the surroundings of Fouesnant, its landscapes, its traditions, its natural and historical heritage. With its back to the sea, Fouesnant invites you to escape. With your gaze turned towards the sea, you can indulge in the joys of nautical activities and leisure activities: sailing, surfing, sea kayaking, kite surfing or relaxing on the beach with our 3-star campsite in Fouesnant as your starting point.<\/p>\n<p>Just a stone&#8217;s throw from the <a href=\"\/en\/\">Le Kervastard campsite<\/a>, answer the call of the open sea and embark on a sea crossing to the Gl\u00e9nan islands.<\/p>\n<p>Back on land, stroll through the streets of Breton medieval cities, Locronan, Concarneau, Quimper&#8230; Appreciate a rich and varied architectural heritage.<\/p>\n<p>The surrounding area has many other surprises in store for you. Explore the hiking trails of Finist\u00e8re and discover the forests, chapels, and walk along the coast, between moors and heather.<\/p>\n<\/div><\/div>\n\n<div class=\"text-image-new style1 image-left\"><div class=\"text-image-new-colonne\"><H2 class=\"text-image-new-titre\">Quimper, historic city in Brittany<\/H2><div class=\"text-image-new-content\"><p>20 km from the campsite, discover Quimper, capital of the country of Cornwall.<\/p>\n<p>Stroll through the historic center, admire the half-timbered houses of historic Quimper and visit Saint Corentin Cathedral and its magnificent Gothic stained glass windows. Stroll through the pedestrian streets bustling with numerous shops and stroll along the quays of the Odet.<\/p>\n<p>Quimper is also the capital of earthenware, take advantage of your visit to the city to admire the famous HB Henriot earthenware and take home the famous Breton bowl. For gourmets, Quimper has the best pastry chefs, crepe makers, and biscuit makers in Cornwall, an opportunity to taste Breton culinary specialties.<\/p>\n<\/div><\/div><div class=\"text-image-new-colonne\"><img decoding=\"async\" src=\"https:\/\/www.campinglekervastard.com\/wp-content\/uploads\/2024\/04\/tourisme-quimper.jpg\" alt=\"quimper tourism\" class=\"text-image-new-thumb\" \/><\/div><\/div>\n\n<div class=\"text-image-new style1 image-right background-marron\"><div class=\"text-image-new-colonne\"><H2 class=\"text-image-new-titre\">Concarneau, walled town and flagship destination of Finist\u00e8re<\/H2><div class=\"text-image-new-content\"><p>16km from your campsite, visit Concarneau, a town of art and history, an important fishing port and renowned seaside resort.<\/p>\n<p>Discover the port and the walled town, and stroll through the streets of the city where many artisans and merchants are busy. Strongly imbued with the Vauban style, in Concarneau you will feel the soul of the citadels and other maritime fortresses, witnesses of a rich and eventful historical past.<\/p>\n<p>Walk on the corniche, go down to the coves and fine sandy beaches, and accept an invitation to escape and do water activities.<\/p>\n<\/div><\/div><div class=\"text-image-new-colonne\"><img decoding=\"async\" src=\"https:\/\/www.campinglekervastard.com\/wp-content\/uploads\/2024\/04\/tourisme-concarneau.jpg\" alt=\"concarneau tourism\" class=\"text-image-new-thumb\" \/><\/div><\/div>\n\n<div class=\"text-image-new style1 image-left\"><div class=\"text-image-new-colonne\"><H2 class=\"text-image-new-titre\">Pointe du Raz, the hell of the seas<\/H2><div class=\"text-image-new-content\"><p>Discover the end of the world, and go to Pointe du Raz, an exceptional place in Finist\u00e8re.<br \/>\nThis protected natural site, feared by sailors, conceals the famous Baie des Tr\u00e9pass\u00e9s and magnificent beaches between moors and gorse, a paradise for walkers and surfers.<\/p>\n<p>Walk on this site classified as a \u201cGreat National Site\u201d, along the marked and secure path which runs along a coastline with steep cliffs. Enjoy an exceptional panorama and admire the island of Sein and the Ar Men lighthouse in the distance.<\/p>\n<\/div><\/div><div class=\"text-image-new-colonne\"><img decoding=\"async\" src=\"https:\/\/www.campinglekervastard.com\/wp-content\/uploads\/2024\/04\/tourisme-la-pointe-du-raz.jpg\" alt=\"tourism la pointe du raz\" class=\"text-image-new-thumb\" \/><\/div><\/div>\n\n<div class=\"text-image-new style1 image-right background-marron\"><div class=\"text-image-new-colonne\"><H2 class=\"text-image-new-titre\">Locronan, 16th century village<\/H2><div class=\"text-image-new-content\"><p>Locronan, \u201csmall town of character\u201d and one of the \u201cmost beautiful villages in France\u201d.<br \/>\nYou will be under the spell of this small medieval village. Admire the\u00a0mansion houses and mansions with ornately carved dormer windows that surround the main square. Visit the Saint-Ronan church and the P\u00e9nity chapel.<\/p>\n<p>Stroll through the small streets lively with artisan shops with medieval signs which give the village a unique charm, designed to immerse you in the medieval world.<\/p>\n<p>Foodies and history buffs will not miss the opportunity to taste the traditional kouign-Amann and meet the artisans who will be happy to present their creations to you and introduce you to ancestral know-how.<\/p>\n<\/div><\/div><div class=\"text-image-new-colonne\"><img decoding=\"async\" src=\"https:\/\/www.campinglekervastard.com\/wp-content\/uploads\/2024\/04\/tourisme-locronan.jpg\" alt=\"locronan tourism\" class=\"text-image-new-thumb\" \/><\/div><\/div>\n\n<div class=\"text-image-new style1 image-left\"><div class=\"text-image-new-colonne\"><H2 class=\"text-image-new-titre\">Pont Aven, school of painters in southern Brittany<\/H2><div class=\"text-image-new-content\"><p>30 minutes from your campsite, discover Pont Aven, village of painters.<\/p>\n<p>Pont Aven has around thirty art galleries around the port and the famous 14 mills river.<br \/>\nThe painters of Pont-Aven, such as Gauguin, used to immortalize the landscapes of Pont Aven and its surroundings, sources of inspiration and fascination, due to remarkable natural light.<\/p>\n<p>It is advisable to go to Riec-sur-Belon, east of Pont-Aven. Walk along the paths frequented by the great painters, between the ports of Rosbras and Belon, and particularly along the river between Belon and Penquern\u00e9o.<\/p>\n<p>Take a gourmet break and taste the famous Pont Aven pancakes and visit the city&#8217;s famous biscuit factories.<\/p>\n<\/div><\/div><div class=\"text-image-new-colonne\"><img decoding=\"async\" src=\"https:\/\/www.campinglekervastard.com\/wp-content\/uploads\/2024\/04\/tourisme-pont-aven.jpg\" alt=\"Pont Aven tourism\" class=\"text-image-new-thumb\" \/><\/div><\/div>\n\n<div class=\"text-image-new style1 image-right background-marron\"><div class=\"text-image-new-colonne\"><H2 class=\"text-image-new-titre\">B\u00e9nodet and its breathtaking view of the Breton coast<\/H2><div class=\"text-image-new-content\"><p>Less than 10 minutes from your campsite, visit B\u00e9nodet, a marina and seaside resort very popular with vacationers.<\/p>\n<p>The reputation of this resort is well established with its magnificent seafront and its walks along the Odet river.<\/p>\n<p>To relax, you will find a long sandy beach, thalassotherapy, numerous bars and restaurants and a casino, all in a very summer atmosphere.<\/p>\n<p>To escape, some will choose to sail on the Odet, others will take a getaway to the Gl\u00e9nan islands, a paradise for sailing enthusiasts and nature lovers.<\/p>\n<\/div><\/div><div class=\"text-image-new-colonne\"><img decoding=\"async\" src=\"https:\/\/www.campinglekervastard.com\/wp-content\/uploads\/2024\/04\/tourisme-benodet.jpg\" alt=\"benodet tourism\" class=\"text-image-new-thumb\" \/><\/div><\/div>\n\n<div class=\"text-image-new style1 image-left\"><div class=\"text-image-new-colonne\"><H2 class=\"text-image-new-titre\">Pont-l&#8217;Abb\u00e9 capital of Pays Bigouden<\/H2><div class=\"text-image-new-content\"><p>Pont l\u2019Abb\u00e9, capital of Pays Bigouden, and its famous embroiderers\u2019 festival every year in mid-July.<\/p>\n<p>Walk to Pont l\u2019Abb\u00e9 and visit the Ch\u00e2teau des Barons museum, housed in the keep. A museum of art and popular tradition, you will find exhibitions on peasant life and the daily life of seafarers as well as costumes and the famous Bigouden headdresses, richly decorated and embroidered by hand.<\/p>\n<p>The largest market in Pays Bigouden takes place every Thursday on the main square of Pont L\u2019Abb\u00e9. Stroll around the stalls and taste the various Breton specialties. Regional producers and artisans offer you tasty local products, cider, honey, Breton cakes, kouign amann.<\/p>\n<p>Don&#8217;t miss the Brodeuses festival. Every year in mid-July the streets of Pont L&#8217;Abb\u00e9 come alive and become the scene of one of the most beautiful folk festivals in Brittany, crowning each year the queen of the Embroiderers. With the program, parades in traditional costume, bagad, Breton dance and ringing competitions (biniou and bombarde), coming from the 4 corners of Brittany.<\/p>\n<\/div><\/div><div class=\"text-image-new-colonne\"><img decoding=\"async\" src=\"https:\/\/www.campinglekervastard.com\/wp-content\/uploads\/2024\/04\/tourisme-pont-abbe.jpg\" alt=\"Abb\u00e9 Bridge tourism\" class=\"text-image-new-thumb\" \/><\/div><\/div>\n\n<div class=\"text-image-new style1 image-right background-marron\"><div class=\"text-image-new-colonne\"><H2 class=\"text-image-new-titre\">Douarnenez, the town with 3 ports in Brittany<\/H2><div class=\"text-image-new-content\"><p>1 hour from the campsite, go to Douarnenez, and discover the town of Penn sardines. The bay of Douarnenez is a real inland bay between the Crozon peninsula and Cap Sizun.<\/p>\n<p>Douarnenez is undoubtedly one of the nicest fishing ports in Finist\u00e8re, very lively in the summer months.<\/p>\n<p>Discover the unique atmosphere of its quays lined with creperies and caf\u00e9 terraces.<\/p>\n<p>Stroll through the alleys and enter artists&#8217; studios and fishermen&#8217;s houses. Stroll along the Plomarch promenade, where you can admire a superb panorama of the bay and treat yourself to a pleasant and invigorating break on one of the many beaches of Douarnenez.<\/p>\n<p>Boating enthusiasts will not miss a visit to Port Rhu, a remarkable Port-Museum housing a collection of old rigging.<\/p>\n<\/div><\/div><div class=\"text-image-new-colonne\"><img decoding=\"async\" src=\"https:\/\/www.campinglekervastard.com\/wp-content\/uploads\/2024\/04\/tourisme-douarnenez.jpg\" alt=\"Douarnenez tourism\" class=\"text-image-new-thumb\" \/><\/div><\/div>\n\n<div class=\"text-image-new style1 image-left\"><div class=\"text-image-new-colonne\"><H2 class=\"text-image-new-titre\">The Gl\u00e9nan islands off the coast of Finist\u00e8re<\/H2><div class=\"text-image-new-content\"><p>Take advantage of your stay at the campsite to go on an unforgettable excursion and discover the islets of the Gl\u00e9nan archipelago off the coast of South Finist\u00e8re.<\/p>\n<p>You can choose between a guided tour of the island or a discovery of the underwater environment via a transparent bottom boat trip.<\/p>\n<p>Try diving and enjoy the heavenly beaches of Gl\u00e9nan.<\/p>\n<p>Take a hike and reach the top of Saint-Nicolas Island. Treat yourself to a moment of relaxation on one of the island&#8217;s beautiful white sand beaches and enjoy the clear, emerald-colored water, comparable to that of the lagoons of the South Seas.<\/p>\n<p>From June to September, boats from B\u00e9nodet, Concarneau, Loctudy, Pors-la-for\u00eat and Beg Meil serve Saint-Nicolas, the main island.<\/p>\n<\/div><\/div><div class=\"text-image-new-colonne\"><img decoding=\"async\" src=\"https:\/\/www.campinglekervastard.com\/wp-content\/uploads\/2024\/04\/tourisme-ile-glenan.jpg\" alt=\"glenan islands tourism\" class=\"text-image-new-thumb\" \/><\/div><\/div>\n\n<div class=\"text-image-new style1 image-right background-marron\"><div class=\"text-image-new-colonne\"><H2 class=\"text-image-new-titre\">Lorient Interceltic Festival<\/H2><div class=\"text-image-new-content\"><p>The festival is known for its Celtic music shows that are as grandiose as they are lively, without forgetting the final of the Bagadous championship.<\/p>\n<p>The Lorient Interceltic Festival welcomes more than 700,000 visitors every year in August. It is the largest international celebration of Celtic people and Celtic culture<br \/>\nWhether you are a fan of sea shanties, Celtic music, Breton dances or simply in love with Brittany, the Interceltic Festival is made for you.<\/p>\n<p>On every street corner you can listen to a group from Ireland, Scotland or Galicia and taste Breton specialties, a Breton whiskey or a bowl of cider and let yourself be drawn into the whirlwind of Brittany&#8217;s folk festivals.<\/p>\n<\/div><\/div><div class=\"text-image-new-colonne\"><img decoding=\"async\" src=\"https:\/\/www.campinglekervastard.com\/wp-content\/uploads\/2024\/04\/tourisme-lorient.jpg\" alt=\"lorient tourism\" class=\"text-image-new-thumb\" \/><\/div><\/div>\n\n<div class=\"text-image-new style1 image-left\"><div class=\"text-image-new-colonne\"><H2 class=\"text-image-new-titre\">Cornouaille Festival, South Finist\u00e8re<\/H2><div class=\"text-image-new-content\"><p>Less than 20 minutes from the campsite, the Quimper Cornouaille Festival, a major event for Breton Culture every year around July 20.<\/p>\n<p>This festival combining art and popular traditions, presents nearly 200 shows, parades, concerts and festive activities, free and paid.<\/p>\n<p>You can vibrate to the rhythms of traditional Breton songs, chat with the artisans who have come to present their work to you or even taste the various Breton culinary specialties.<\/p>\n<\/div><\/div><div class=\"text-image-new-colonne\"><img decoding=\"async\" src=\"https:\/\/www.campinglekervastard.com\/wp-content\/uploads\/2024\/04\/tourisme-festival-cornouailles.jpg\" alt=\"tourism festival cornwall\" class=\"text-image-new-thumb\" \/><\/div><\/div>\n\n<div class=\"text-image-new style1 image-right background-marron\"><div class=\"text-image-new-colonne\"><H2 class=\"text-image-new-titre\">Baln\u00e9ides Aquatic Center, Finist\u00e8re<\/H2><div class=\"text-image-new-content\"><p>5 minutes from your campsite, outside the heated swimming pool opening periods or to enjoy a covered pool with slides and various activities, Les Baln\u00e9ides in Fouesnant invites you to relax for a water fun moment.<\/p>\n<p>With its tropical atmosphere and its water heated to 29\u00b0, the Baln\u00e9ides water park is the ideal place to relax with the family.<\/p>\n<p>You will find spaces suitable for swimming, playing and well-being.<\/p>\n<p>The water fun area is equipped with massaging jets, whirlpool baths, saunas, 75 m slide, mushrooms and water cannons, water curtain, paddling pool, mini slides for the little ones, and 25 m pool for the older ones.<\/p>\n<p>For sports enthusiasts, discover the special holiday activities: aquabike, aquajogging and aquagym.<br \/>\nAtmosphere, laughter and sensations guaranteed!<\/p>\n<\/div><\/div><div class=\"text-image-new-colonne\"><img decoding=\"async\" src=\"https:\/\/www.campinglekervastard.com\/wp-content\/uploads\/2024\/04\/centre-aquatique-balneides.jpg\" alt=\"balneides aquatic center\" class=\"text-image-new-thumb\" \/><\/div><\/div>\n\n<div class=\"text-image-new style1 image-left\"><div class=\"text-image-new-colonne\"><H2 class=\"text-image-new-titre\">The Audierne Aquashow in Brittany<\/H2><div class=\"text-image-new-content\"><p>Come and discover with your family all the mysteries of the Breton seabed.<\/p>\n<p>The Audierne Aquashow welcomes you to its aquatic world. Visit the aquarium and admire the bird shows.<\/p>\n<p>A show of owls is offered to you every day. Don&#8217;t miss the seabird show with the spearfishing of great cormorants.<\/p>\n<p>The Audierne Aquarium presents the largest Breton collection of seawater and freshwater fish in giant tanks. You will be amazed by the shark tanks. Admire conger eels, octopuses, cuttlefish and other maritime species.<\/p>\n<p>Fun activities will entertain your children. Let them pet the rays and various fish! 3D cinema is also an activity enjoyed by young and old alike.<\/p>\n<\/div><\/div><div class=\"text-image-new-colonne\"><img decoding=\"async\" src=\"https:\/\/www.campinglekervastard.com\/wp-content\/uploads\/2021\/04\/photo-636283688897226863-1.jpg\" alt=\"aquashow audierne\" class=\"text-image-new-thumb\" \/><\/div><\/div>\n\n<div class=\"liste-de-page-home\"><h2 class=\"liste-de-page-home-titre\">Discover other tourist activities in Finist\u00e8re<\/h2><ul class=\"liste-de-page-articles\"><li><a href=\"https:\/\/www.campinglekervastard.com\/en\/news\/cider-house-fouesnant\/\"><div class=\"cta-img\"><img decoding=\"async\" src=\"https:\/\/www.campinglekervastard.com\/wp-content\/uploads\/2023\/09\/cidrerie-fouesnant.jpg\" alt=\"\"><\/div><div class=\"cta-titre\">Where to visit a cider house in Fouesnant?<\/div><\/a><\/li><li><a href=\"https:\/\/www.campinglekervastard.com\/en\/news\/hiking-fouesnant\/\"><div class=\"cta-img\"><img decoding=\"async\" src=\"https:\/\/www.campinglekervastard.com\/wp-content\/uploads\/2023\/09\/randonnee-fouesnant.jpg\" alt=\"\"><\/div><div class=\"cta-titre\">The top 3 hikes in Fouesnant<\/div><\/a><\/li><li><a href=\"https:\/\/www.campinglekervastard.com\/en\/news\/beg-meil-fouesnant\/\"><div class=\"cta-img\"><img decoding=\"async\" src=\"https:\/\/www.campinglekervastard.com\/wp-content\/uploads\/2023\/09\/beg-meil-fouesnant.jpg\" alt=\"\"><\/div><div class=\"cta-titre\">Beg Meil in Fouesnant<\/div><\/a><\/li><li><a href=\"https:\/\/www.campinglekervastard.com\/en\/news\/what-to-see-around-fouesnant\/\"><div class=\"cta-img\"><img decoding=\"async\" src=\"https:\/\/www.campinglekervastard.com\/wp-content\/uploads\/2022\/04\/BLOG1-scaled.jpg\" alt=\"\"><\/div><div class=\"cta-titre\">What to see in Fouesnant?<\/div><\/a><\/li><\/ul><\/div>","protected":false},"excerpt":{"rendered":"","protected":false},"author":1,"featured_media":5008,"parent":0,"menu_order":0,"comment_status":"closed","ping_status":"closed","template":"","meta":{"_acf_changed":false,"footnotes":""},"class_list":["post-6054","page","type-page","status-publish","has-post-thumbnail","hentry"],"acf":[],"yoast_head":"<!-- This site is optimized with the Yoast SEO plugin v27.3 - https:\/\/yoast.com\/product\/yoast-seo-wordpress\/ -->\n<title>South Finist\u00e8re: the 15 must-see things in Finist\u00e8re<\/title>\n<meta name=\"description\" content=\"What to see and do in Finist\u00e8re? Discover the 15 things not to miss during your visit to this region of Brittany!\" \/>\n<meta name=\"robots\" content=\"index, follow, max-snippet:-1, max-image-preview:large, max-video-preview:-1\" \/>\n<link rel=\"canonical\" href=\"https:\/\/www.campinglekervastard.com\/en\/to-see\/\" \/>\n<meta property=\"og:locale\" content=\"en_US\" \/>\n<meta property=\"og:type\" content=\"article\" \/>\n<meta property=\"og:title\" content=\"South Finist\u00e8re: the 15 must-see things in Finist\u00e8re\" \/>\n<meta property=\"og:description\" content=\"What to see and do in Finist\u00e8re? Discover the 15 things not to miss during your visit to this region of Brittany!\" \/>\n<meta property=\"og:url\" content=\"https:\/\/www.campinglekervastard.com\/en\/to-see\/\" \/>\n<meta property=\"og:site_name\" content=\"Camping le Kervastard\" \/>\n<meta property=\"article:modified_time\" content=\"2024-05-13T14:53:03+00:00\" \/>\n<meta property=\"og:image\" content=\"https:\/\/www.campinglekervastard.com\/wp-content\/uploads\/2023\/02\/A-VOIR-A-FAIRE1-scaled.jpg\" \/>\n\t<meta property=\"og:image:width\" content=\"2560\" \/>\n\t<meta property=\"og:image:height\" content=\"1297\" \/>\n\t<meta property=\"og:image:type\" content=\"image\/jpeg\" \/>\n<meta name=\"twitter:card\" content=\"summary_large_image\" \/>\n<meta name=\"twitter:label1\" content=\"Est. reading time\" \/>\n\t<meta name=\"twitter:data1\" content=\"1 minute\" \/>\n<script type=\"application\/ld+json\" class=\"yoast-schema-graph\">{\"@context\":\"https:\\\/\\\/schema.org\",\"@graph\":[{\"@type\":\"WebPage\",\"@id\":\"https:\\\/\\\/www.campinglekervastard.com\\\/en\\\/to-see\\\/\",\"url\":\"https:\\\/\\\/www.campinglekervastard.com\\\/en\\\/to-see\\\/\",\"name\":\"South Finist\u00e8re: the 15 must-see things in Finist\u00e8re\",\"isPartOf\":{\"@id\":\"https:\\\/\\\/www.campinglekervastard.com\\\/en\\\/#website\"},\"primaryImageOfPage\":{\"@id\":\"https:\\\/\\\/www.campinglekervastard.com\\\/en\\\/to-see\\\/#primaryimage\"},\"image\":{\"@id\":\"https:\\\/\\\/www.campinglekervastard.com\\\/en\\\/to-see\\\/#primaryimage\"},\"thumbnailUrl\":\"https:\\\/\\\/www.campinglekervastard.com\\\/wp-content\\\/uploads\\\/2023\\\/02\\\/A-VOIR-A-FAIRE1-scaled.jpg\",\"datePublished\":\"2021-03-12T10:28:12+00:00\",\"dateModified\":\"2024-05-13T14:53:03+00:00\",\"description\":\"What to see and do in Finist\u00e8re? Discover the 15 things not to miss during your visit to this region of Brittany!\",\"breadcrumb\":{\"@id\":\"https:\\\/\\\/www.campinglekervastard.com\\\/en\\\/to-see\\\/#breadcrumb\"},\"inLanguage\":\"en-US\",\"potentialAction\":[{\"@type\":\"ReadAction\",\"target\":[\"https:\\\/\\\/www.campinglekervastard.com\\\/en\\\/to-see\\\/\"]}]},{\"@type\":\"ImageObject\",\"inLanguage\":\"en-US\",\"@id\":\"https:\\\/\\\/www.campinglekervastard.com\\\/en\\\/to-see\\\/#primaryimage\",\"url\":\"https:\\\/\\\/www.campinglekervastard.com\\\/wp-content\\\/uploads\\\/2023\\\/02\\\/A-VOIR-A-FAIRE1-scaled.jpg\",\"contentUrl\":\"https:\\\/\\\/www.campinglekervastard.com\\\/wp-content\\\/uploads\\\/2023\\\/02\\\/A-VOIR-A-FAIRE1-scaled.jpg\",\"width\":2560,\"height\":1297},{\"@type\":\"BreadcrumbList\",\"@id\":\"https:\\\/\\\/www.campinglekervastard.com\\\/en\\\/to-see\\\/#breadcrumb\",\"itemListElement\":[{\"@type\":\"ListItem\",\"position\":1,\"name\":\"Camping Finistere Sud \u00e0 Fouesnant\",\"item\":\"https:\\\/\\\/www.campinglekervastard.com\\\/en\\\/\"},{\"@type\":\"ListItem\",\"position\":2,\"name\":\"Tourism in southern Finist\u00e8re\"}]},{\"@type\":\"WebSite\",\"@id\":\"https:\\\/\\\/www.campinglekervastard.com\\\/en\\\/#website\",\"url\":\"https:\\\/\\\/www.campinglekervastard.com\\\/en\\\/\",\"name\":\"Camping le Kervastard\",\"description\":\"\",\"potentialAction\":[{\"@type\":\"SearchAction\",\"target\":{\"@type\":\"EntryPoint\",\"urlTemplate\":\"https:\\\/\\\/www.campinglekervastard.com\\\/en\\\/?s={search_term_string}\"},\"query-input\":{\"@type\":\"PropertyValueSpecification\",\"valueRequired\":true,\"valueName\":\"search_term_string\"}}],\"inLanguage\":\"en-US\"}]}<\/script>\n<!-- \/ Yoast SEO plugin. -->","yoast_head_json":{"title":"South Finist\u00e8re: the 15 must-see things in Finist\u00e8re","description":"What to see and do in Finist\u00e8re? Discover the 15 things not to miss during your visit to this region of Brittany!","robots":{"index":"index","follow":"follow","max-snippet":"max-snippet:-1","max-image-preview":"max-image-preview:large","max-video-preview":"max-video-preview:-1"},"canonical":"https:\/\/www.campinglekervastard.com\/en\/to-see\/","og_locale":"en_US","og_type":"article","og_title":"South Finist\u00e8re: the 15 must-see things in Finist\u00e8re","og_description":"What to see and do in Finist\u00e8re? Discover the 15 things not to miss during your visit to this region of Brittany!","og_url":"https:\/\/www.campinglekervastard.com\/en\/to-see\/","og_site_name":"Camping le Kervastard","article_modified_time":"2024-05-13T14:53:03+00:00","og_image":[{"width":2560,"height":1297,"url":"https:\/\/www.campinglekervastard.com\/wp-content\/uploads\/2023\/02\/A-VOIR-A-FAIRE1-scaled.jpg","type":"image\/jpeg"}],"twitter_card":"summary_large_image","twitter_misc":{"Est. reading time":"1 minute"},"schema":{"@context":"https:\/\/schema.org","@graph":[{"@type":"WebPage","@id":"https:\/\/www.campinglekervastard.com\/en\/to-see\/","url":"https:\/\/www.campinglekervastard.com\/en\/to-see\/","name":"South Finist\u00e8re: the 15 must-see things in Finist\u00e8re","isPartOf":{"@id":"https:\/\/www.campinglekervastard.com\/en\/#website"},"primaryImageOfPage":{"@id":"https:\/\/www.campinglekervastard.com\/en\/to-see\/#primaryimage"},"image":{"@id":"https:\/\/www.campinglekervastard.com\/en\/to-see\/#primaryimage"},"thumbnailUrl":"https:\/\/www.campinglekervastard.com\/wp-content\/uploads\/2023\/02\/A-VOIR-A-FAIRE1-scaled.jpg","datePublished":"2021-03-12T10:28:12+00:00","dateModified":"2024-05-13T14:53:03+00:00","description":"What to see and do in Finist\u00e8re? Discover the 15 things not to miss during your visit to this region of Brittany!","breadcrumb":{"@id":"https:\/\/www.campinglekervastard.com\/en\/to-see\/#breadcrumb"},"inLanguage":"en-US","potentialAction":[{"@type":"ReadAction","target":["https:\/\/www.campinglekervastard.com\/en\/to-see\/"]}]},{"@type":"ImageObject","inLanguage":"en-US","@id":"https:\/\/www.campinglekervastard.com\/en\/to-see\/#primaryimage","url":"https:\/\/www.campinglekervastard.com\/wp-content\/uploads\/2023\/02\/A-VOIR-A-FAIRE1-scaled.jpg","contentUrl":"https:\/\/www.campinglekervastard.com\/wp-content\/uploads\/2023\/02\/A-VOIR-A-FAIRE1-scaled.jpg","width":2560,"height":1297},{"@type":"BreadcrumbList","@id":"https:\/\/www.campinglekervastard.com\/en\/to-see\/#breadcrumb","itemListElement":[{"@type":"ListItem","position":1,"name":"Camping Finistere Sud \u00e0 Fouesnant","item":"https:\/\/www.campinglekervastard.com\/en\/"},{"@type":"ListItem","position":2,"name":"Tourism in southern Finist\u00e8re"}]},{"@type":"WebSite","@id":"https:\/\/www.campinglekervastard.com\/en\/#website","url":"https:\/\/www.campinglekervastard.com\/en\/","name":"Camping le Kervastard","description":"","potentialAction":[{"@type":"SearchAction","target":{"@type":"EntryPoint","urlTemplate":"https:\/\/www.campinglekervastard.com\/en\/?s={search_term_string}"},"query-input":{"@type":"PropertyValueSpecification","valueRequired":true,"valueName":"search_term_string"}}],"inLanguage":"en-US"}]}},"_links":{"self":[{"href":"https:\/\/www.campinglekervastard.com\/en\/wp-json\/wp\/v2\/pages\/6054","targetHints":{"allow":["GET"]}}],"collection":[{"href":"https:\/\/www.campinglekervastard.com\/en\/wp-json\/wp\/v2\/pages"}],"about":[{"href":"https:\/\/www.campinglekervastard.com\/en\/wp-json\/wp\/v2\/types\/page"}],"author":[{"embeddable":true,"href":"https:\/\/www.campinglekervastard.com\/en\/wp-json\/wp\/v2\/users\/1"}],"replies":[{"embeddable":true,"href":"https:\/\/www.campinglekervastard.com\/en\/wp-json\/wp\/v2\/comments?post=6054"}],"version-history":[{"count":2,"href":"https:\/\/www.campinglekervastard.com\/en\/wp-json\/wp\/v2\/pages\/6054\/revisions"}],"predecessor-version":[{"id":6057,"href":"https:\/\/www.campinglekervastard.com\/en\/wp-json\/wp\/v2\/pages\/6054\/revisions\/6057"}],"wp:featuredmedia":[{"embeddable":true,"href":"https:\/\/www.campinglekervastard.com\/en\/wp-json\/wp\/v2\/media\/5008"}],"wp:attachment":[{"href":"https:\/\/www.campinglekervastard.com\/en\/wp-json\/wp\/v2\/media?parent=6054"}],"curies":[{"name":"wp","href":"https:\/\/api.w.org\/{rel}","templated":true}]}}