{"id":6187,"date":"2021-03-12T11:28:11","date_gmt":"2021-03-12T10:28:11","guid":{"rendered":"https:\/\/www.campinglekervastard.com\/activites\/"},"modified":"2024-05-14T13:56:00","modified_gmt":"2024-05-14T11:56:00","slug":"aktivitaeten","status":"publish","type":"page","link":"https:\/\/www.campinglekervastard.com\/de\/aktivitaeten\/","title":{"rendered":"AKTIVIT\u00c4TEN"},"content":{"rendered":"<div class=\"bloc-texte full\"><div class=\"texte center\"><p>Der <a href=\"\/de\/\">Campingplatz Le Kervastard<\/a> bietet Urlaubsaktivit\u00e4ten, die Sie mit Ihrer Familie teilen k\u00f6nnen. Er m\u00f6chte sicherstellen, dass Sie einen ruhigen und friedlichen Aufenthalt haben, der zu einem Urlaub in v\u00f6lliger Ruhe und Privatsph\u00e4re mit der Familie beitr\u00e4gt.<\/p>\n<p>Daher gibt es auf dem Campingplatz nicht viel Unterhaltung, aber Sie k\u00f6nnen im 250 m entfernten Dorf an vielen Aktivit\u00e4ten teilnehmen. Jede Woche gibt es Beg-Meil-Dienstage und verschiedene Aktivit\u00e4ten am Hafen oder in den Restaurants. Ab 23:00 Uhr ist Ruhe und Stille gefragt, sobald Sie das Tor passiert haben.<\/p>\n<p>Haben Sie Spa\u00df, verbringen Sie einen angenehmen Familienurlaub im s\u00fcdlichen Finist\u00e8re und genie\u00dfen Sie einen besonderen Moment mit Ihren Kindern im Spielzimmer oder auf dem Kinderspielplatz, auf dem P\u00e9tanque-Platz oder im gro\u00dfen Hallenbad und dem beheizten Planschbecken (ge\u00f6ffnet von April bis Oktober). ).<\/p>\n<\/div><\/div>\n\n<div class=\"text-image-new style1 image-right background-marron\"><div class=\"text-image-new-colonne\"><H2 class=\"text-image-new-titre\">Der Kinderspielplatz auf dem Campingplatz in Fouesnant<\/H2><div class=\"text-image-new-content\"><p>Auf unserem Campingplatz k\u00f6nnen sich Kinder auf einem ausgestatteten Spielplatz vergn\u00fcgen, der den ganzen Tag ge\u00f6ffnet ist.<\/p>\n<p>Kinder k\u00f6nnen auf Schaukeln, Rutsche, Affenbr\u00fccke oder sogar Kletterwand, Drehkreuzen und anderen Fr\u00fchlingsspielen spielen.<\/p>\n<h2>Ein Bowlingplatz steht auf dem Campingplatz South Finist\u00e8re zur Verf\u00fcgung<\/h2>\n<p>P\u00e9tanque ist die wichtigste Freizeitbesch\u00e4ftigung eines Aufenthalts in der freien Natur. Eine Partie P\u00e9tanque macht immer Spa\u00df&#8230;<br \/>\nKommen Sie in einen speziell daf\u00fcr eingerichteten Raum und vergn\u00fcgen Sie sich bei einer Partie P\u00e9tanque in einer leichten und entspannten Atmosph\u00e4re.<\/p>\n<\/div><\/div><div class=\"text-image-new-colonne\"><img decoding=\"async\" src=\"https:\/\/www.campinglekervastard.com\/wp-content\/uploads\/2024\/04\/activites-camping-bretagne.jpg\" alt=\"Campingaktivit\u00e4ten in der Bretagne\" class=\"text-image-new-thumb\" \/><\/div><\/div>\n\n<div class=\"text-image-new style1 image-left\"><div class=\"text-image-new-colonne\"><H2 class=\"text-image-new-titre\">Das Spielzimmer auf unserem Campingplatz<\/H2><div class=\"text-image-new-content\"><p>Entdecken Sie unseren unterhaltsamen Bereich mit Fernseher, Tischfu\u00dfball, Airhockey, Brettspielen und Bibliothek.<\/p>\n<p>Ideal, um eine kleine Pause einzulegen, sich mit Freunden zu treffen und einen geselligen und entspannten Moment zu verbringen.<\/p>\n<p>Unser Spielzimmer verf\u00fcgt auch \u00fcber einen Billardtisch zum Spielen w\u00e4hrend Ihres Campingurlaubs!<\/p>\n<h2>Zu jeder Tageszeit k\u00f6nnen Sie Tischtennis spielen<\/h2>\n<p>Jung und Alt werden ihren Spa\u00df bei einer Partie Tischtennis haben. Der Campingplatz stellt Tischtennisplatten und Schl\u00e4ger zur Verf\u00fcgung.<br \/>\nGute Laune garantiert!<\/p>\n<h2>Fahrradverleih vor Ort<\/h2>\n<p>G\u00f6nnen Sie sich einen Familienausflug und mieten Sie ein Fahrrad f\u00fcr den Tag (mehr Informationen im Reiter \u201eLeistungen\u201c).<\/p>\n<\/div><\/div><div class=\"text-image-new-colonne\"><img decoding=\"async\" src=\"https:\/\/www.campinglekervastard.com\/wp-content\/uploads\/2024\/04\/salle-de-jeux-camping-bretagne.jpg\" alt=\"Spielzimmer auf dem Campingplatz Bretagne\" class=\"text-image-new-thumb\" \/><\/div><\/div>\n\n<div class=\"text-image-new style1 image-right background-marron\"><div class=\"text-image-new-colonne\"><H2 class=\"text-image-new-titre\">Gelegentliche Aktivit\u00e4ten<\/H2><div class=\"text-image-new-content\"><p>Im Juli-August:<\/p>\n<ul>\n<li>Petanque-Wettbewerb,<\/li>\n<li>Musikalische Unterhaltung,<\/li>\n<li>Geschichtenabende,<\/li>\n<li>Aufblasbare Spielstrukturen,<\/li>\n<li>Anwesenheit mehrerer Foodtrucks,<\/li>\n<li>Schmuck, Seife, Honig und kleine Produzentenst\u00e4nde<\/li>\n<li>Ballonskulptur-Workshop, Make-up, tempor\u00e4res Tattoo<\/li>\n<\/ul>\n<\/div><\/div><div class=\"text-image-new-colonne\"><img decoding=\"async\" src=\"https:\/\/www.campinglekervastard.com\/wp-content\/uploads\/2024\/04\/bretagne-activites-camping.jpg\" alt=\"Campingaktivit\u00e4ten in der Bretagne\" class=\"text-image-new-thumb\" \/><\/div><\/div>\n\n<div class=\"text-image-new style1 image-left\"><div class=\"text-image-new-colonne\"><H2 class=\"text-image-new-titre\">Markttage<\/H2><div class=\"text-image-new-content\"><ul>\n<li><strong>MONTAG<\/strong>: BENODET \u2013 CONCARNEAU \u2013 ILE TUDY<\/li>\n<li><strong>DIENSTAG<\/strong>: LE GUILVINEC \u2013 LOCRONAN \u2013 PONT AVEN<\/li>\n<li><strong>MITTWOCH<\/strong>: SAINTE MARINE \u2013 BEG MEIL (Sommer)<\/li>\n<li><strong>DONNERSTAG<\/strong>: PONT L\u2019ABBE<\/li>\n<li><strong>FREITAG<\/strong>: FOUESNANT \u2013 CONCARNEAU<\/li>\n<li><strong>SAMSTAG<\/strong>: FOUESNANT (Biomarkt) \u2013 QUIMPER<\/li>\n<li><strong>SONNTAG<\/strong>: DER WALD VON FOUESNANT<\/li>\n<\/ul>\n<\/div><\/div><div class=\"text-image-new-colonne\"><img decoding=\"async\" src=\"https:\/\/www.campinglekervastard.com\/wp-content\/uploads\/2024\/04\/marches-camping-bretagne.jpg\" alt=\"Campingm\u00e4rkte in der Bretagne\" class=\"text-image-new-thumb\" \/><\/div><\/div>","protected":false},"excerpt":{"rendered":"","protected":false},"author":1,"featured_media":5417,"parent":0,"menu_order":0,"comment_status":"closed","ping_status":"closed","template":"","meta":{"_acf_changed":false,"footnotes":""},"class_list":["post-6187","page","type-page","status-publish","has-post-thumbnail","hentry"],"acf":[],"yoast_head":"<!-- This site is optimized with the Yoast SEO plugin v27.3 - https:\/\/yoast.com\/product\/yoast-seo-wordpress\/ -->\n<title>Campingplatz mit Aktivit\u00e4ten in Fouesnant, im s\u00fcdlichen Finist\u00e8re, Bretagne<\/title>\n<meta name=\"robots\" content=\"index, follow, max-snippet:-1, max-image-preview:large, max-video-preview:-1\" \/>\n<link rel=\"canonical\" href=\"https:\/\/www.campinglekervastard.com\/de\/aktivitaeten\/\" \/>\n<meta property=\"og:locale\" content=\"de_DE\" \/>\n<meta property=\"og:type\" content=\"article\" \/>\n<meta property=\"og:title\" content=\"Campingplatz mit Aktivit\u00e4ten in Fouesnant, im s\u00fcdlichen Finist\u00e8re, Bretagne\" \/>\n<meta property=\"og:url\" content=\"https:\/\/www.campinglekervastard.com\/de\/aktivitaeten\/\" \/>\n<meta property=\"og:site_name\" content=\"Camping le Kervastard\" \/>\n<meta property=\"article:modified_time\" content=\"2024-05-14T11:56:00+00:00\" \/>\n<meta property=\"og:image\" content=\"https:\/\/www.campinglekervastard.com\/wp-content\/uploads\/2024\/04\/Kervastard-680-2_BD2.jpg\" \/>\n\t<meta property=\"og:image:width\" content=\"2048\" \/>\n\t<meta property=\"og:image:height\" content=\"1365\" \/>\n\t<meta property=\"og:image:type\" content=\"image\/jpeg\" \/>\n<meta name=\"twitter:card\" content=\"summary_large_image\" \/>\n<meta name=\"twitter:label1\" content=\"Gesch\u00e4tzte Lesezeit\" \/>\n\t<meta name=\"twitter:data1\" content=\"1\u00a0Minute\" \/>\n<script type=\"application\/ld+json\" class=\"yoast-schema-graph\">{\"@context\":\"https:\\\/\\\/schema.org\",\"@graph\":[{\"@type\":\"WebPage\",\"@id\":\"https:\\\/\\\/www.campinglekervastard.com\\\/de\\\/aktivitaeten\\\/\",\"url\":\"https:\\\/\\\/www.campinglekervastard.com\\\/de\\\/aktivitaeten\\\/\",\"name\":\"Campingplatz mit Aktivit\u00e4ten in Fouesnant, im s\u00fcdlichen Finist\u00e8re, Bretagne\",\"isPartOf\":{\"@id\":\"https:\\\/\\\/www.campinglekervastard.com\\\/de\\\/#website\"},\"primaryImageOfPage\":{\"@id\":\"https:\\\/\\\/www.campinglekervastard.com\\\/de\\\/aktivitaeten\\\/#primaryimage\"},\"image\":{\"@id\":\"https:\\\/\\\/www.campinglekervastard.com\\\/de\\\/aktivitaeten\\\/#primaryimage\"},\"thumbnailUrl\":\"https:\\\/\\\/www.campinglekervastard.com\\\/wp-content\\\/uploads\\\/2024\\\/04\\\/Kervastard-680-2_BD2.jpg\",\"datePublished\":\"2021-03-12T10:28:11+00:00\",\"dateModified\":\"2024-05-14T11:56:00+00:00\",\"breadcrumb\":{\"@id\":\"https:\\\/\\\/www.campinglekervastard.com\\\/de\\\/aktivitaeten\\\/#breadcrumb\"},\"inLanguage\":\"de\",\"potentialAction\":[{\"@type\":\"ReadAction\",\"target\":[\"https:\\\/\\\/www.campinglekervastard.com\\\/de\\\/aktivitaeten\\\/\"]}]},{\"@type\":\"ImageObject\",\"inLanguage\":\"de\",\"@id\":\"https:\\\/\\\/www.campinglekervastard.com\\\/de\\\/aktivitaeten\\\/#primaryimage\",\"url\":\"https:\\\/\\\/www.campinglekervastard.com\\\/wp-content\\\/uploads\\\/2024\\\/04\\\/Kervastard-680-2_BD2.jpg\",\"contentUrl\":\"https:\\\/\\\/www.campinglekervastard.com\\\/wp-content\\\/uploads\\\/2024\\\/04\\\/Kervastard-680-2_BD2.jpg\",\"width\":2048,\"height\":1365},{\"@type\":\"BreadcrumbList\",\"@id\":\"https:\\\/\\\/www.campinglekervastard.com\\\/de\\\/aktivitaeten\\\/#breadcrumb\",\"itemListElement\":[{\"@type\":\"ListItem\",\"position\":1,\"name\":\"Camping Finistere Sud \u00e0 Fouesnant\",\"item\":\"https:\\\/\\\/www.campinglekervastard.com\\\/de\\\/\"},{\"@type\":\"ListItem\",\"position\":2,\"name\":\"Camping mit Aktivit\u00e4ten im Finist\u00e8re\"}]},{\"@type\":\"WebSite\",\"@id\":\"https:\\\/\\\/www.campinglekervastard.com\\\/de\\\/#website\",\"url\":\"https:\\\/\\\/www.campinglekervastard.com\\\/de\\\/\",\"name\":\"Camping le Kervastard\",\"description\":\"\",\"potentialAction\":[{\"@type\":\"SearchAction\",\"target\":{\"@type\":\"EntryPoint\",\"urlTemplate\":\"https:\\\/\\\/www.campinglekervastard.com\\\/de\\\/?s={search_term_string}\"},\"query-input\":{\"@type\":\"PropertyValueSpecification\",\"valueRequired\":true,\"valueName\":\"search_term_string\"}}],\"inLanguage\":\"de\"}]}<\/script>\n<!-- \/ Yoast SEO plugin. -->","yoast_head_json":{"title":"Campingplatz mit Aktivit\u00e4ten in Fouesnant, im s\u00fcdlichen Finist\u00e8re, Bretagne","robots":{"index":"index","follow":"follow","max-snippet":"max-snippet:-1","max-image-preview":"max-image-preview:large","max-video-preview":"max-video-preview:-1"},"canonical":"https:\/\/www.campinglekervastard.com\/de\/aktivitaeten\/","og_locale":"de_DE","og_type":"article","og_title":"Campingplatz mit Aktivit\u00e4ten in Fouesnant, im s\u00fcdlichen Finist\u00e8re, Bretagne","og_url":"https:\/\/www.campinglekervastard.com\/de\/aktivitaeten\/","og_site_name":"Camping le Kervastard","article_modified_time":"2024-05-14T11:56:00+00:00","og_image":[{"width":2048,"height":1365,"url":"https:\/\/www.campinglekervastard.com\/wp-content\/uploads\/2024\/04\/Kervastard-680-2_BD2.jpg","type":"image\/jpeg"}],"twitter_card":"summary_large_image","twitter_misc":{"Gesch\u00e4tzte Lesezeit":"1\u00a0Minute"},"schema":{"@context":"https:\/\/schema.org","@graph":[{"@type":"WebPage","@id":"https:\/\/www.campinglekervastard.com\/de\/aktivitaeten\/","url":"https:\/\/www.campinglekervastard.com\/de\/aktivitaeten\/","name":"Campingplatz mit Aktivit\u00e4ten in Fouesnant, im s\u00fcdlichen Finist\u00e8re, Bretagne","isPartOf":{"@id":"https:\/\/www.campinglekervastard.com\/de\/#website"},"primaryImageOfPage":{"@id":"https:\/\/www.campinglekervastard.com\/de\/aktivitaeten\/#primaryimage"},"image":{"@id":"https:\/\/www.campinglekervastard.com\/de\/aktivitaeten\/#primaryimage"},"thumbnailUrl":"https:\/\/www.campinglekervastard.com\/wp-content\/uploads\/2024\/04\/Kervastard-680-2_BD2.jpg","datePublished":"2021-03-12T10:28:11+00:00","dateModified":"2024-05-14T11:56:00+00:00","breadcrumb":{"@id":"https:\/\/www.campinglekervastard.com\/de\/aktivitaeten\/#breadcrumb"},"inLanguage":"de","potentialAction":[{"@type":"ReadAction","target":["https:\/\/www.campinglekervastard.com\/de\/aktivitaeten\/"]}]},{"@type":"ImageObject","inLanguage":"de","@id":"https:\/\/www.campinglekervastard.com\/de\/aktivitaeten\/#primaryimage","url":"https:\/\/www.campinglekervastard.com\/wp-content\/uploads\/2024\/04\/Kervastard-680-2_BD2.jpg","contentUrl":"https:\/\/www.campinglekervastard.com\/wp-content\/uploads\/2024\/04\/Kervastard-680-2_BD2.jpg","width":2048,"height":1365},{"@type":"BreadcrumbList","@id":"https:\/\/www.campinglekervastard.com\/de\/aktivitaeten\/#breadcrumb","itemListElement":[{"@type":"ListItem","position":1,"name":"Camping Finistere Sud \u00e0 Fouesnant","item":"https:\/\/www.campinglekervastard.com\/de\/"},{"@type":"ListItem","position":2,"name":"Camping mit Aktivit\u00e4ten im Finist\u00e8re"}]},{"@type":"WebSite","@id":"https:\/\/www.campinglekervastard.com\/de\/#website","url":"https:\/\/www.campinglekervastard.com\/de\/","name":"Camping le Kervastard","description":"","potentialAction":[{"@type":"SearchAction","target":{"@type":"EntryPoint","urlTemplate":"https:\/\/www.campinglekervastard.com\/de\/?s={search_term_string}"},"query-input":{"@type":"PropertyValueSpecification","valueRequired":true,"valueName":"search_term_string"}}],"inLanguage":"de"}]}},"_links":{"self":[{"href":"https:\/\/www.campinglekervastard.com\/de\/wp-json\/wp\/v2\/pages\/6187","targetHints":{"allow":["GET"]}}],"collection":[{"href":"https:\/\/www.campinglekervastard.com\/de\/wp-json\/wp\/v2\/pages"}],"about":[{"href":"https:\/\/www.campinglekervastard.com\/de\/wp-json\/wp\/v2\/types\/page"}],"author":[{"embeddable":true,"href":"https:\/\/www.campinglekervastard.com\/de\/wp-json\/wp\/v2\/users\/1"}],"replies":[{"embeddable":true,"href":"https:\/\/www.campinglekervastard.com\/de\/wp-json\/wp\/v2\/comments?post=6187"}],"version-history":[{"count":2,"href":"https:\/\/www.campinglekervastard.com\/de\/wp-json\/wp\/v2\/pages\/6187\/revisions"}],"predecessor-version":[{"id":6190,"href":"https:\/\/www.campinglekervastard.com\/de\/wp-json\/wp\/v2\/pages\/6187\/revisions\/6190"}],"wp:featuredmedia":[{"embeddable":true,"href":"https:\/\/www.campinglekervastard.com\/de\/wp-json\/wp\/v2\/media\/5417"}],"wp:attachment":[{"href":"https:\/\/www.campinglekervastard.com\/de\/wp-json\/wp\/v2\/media?parent=6187"}],"curies":[{"name":"wp","href":"https:\/\/api.w.org\/{rel}","templated":true}]}}