{"id":6162,"date":"2021-07-20T13:48:19","date_gmt":"2021-07-20T11:48:19","guid":{"rendered":"https:\/\/www.campinglekervastard.com\/camping-pas-cher-benodet\/"},"modified":"2024-05-14T13:37:54","modified_gmt":"2024-05-14T11:37:54","slug":"guenstiges-camping-benodet","status":"publish","type":"page","link":"https:\/\/www.campinglekervastard.com\/de\/campingplatz-benodet\/guenstiges-camping-benodet\/","title":{"rendered":"G\u00fcnstiger Campingplatz B\u00e9nodet"},"content":{"rendered":"<div class=\"bloc-texte full\"><div class=\"texte center\"><p>Nutzen Sie f\u00fcr Ihren n\u00e4chsten Urlaub mit Familie oder Freunden einen erholsamen Aufenthalt am Meer auf dem g\u00fcnstigen Campingplatz in Fouesnant: Le Kervastard. Der Campingplatz in der N\u00e4he von B\u00e9nodet liegt ebenfalls in der N\u00e4he des Stadtzentrums und des Hafens von Fouesnant und ist ein ideales Ziel f\u00fcr eine Abwechslung und einen Hauch frischer Luft.<\/p>\n<\/div><\/div>\n\n<div class=\"titre-block\"><h2 class=\"titre center\">G\u00fcnstiger Campingplatz in der N\u00e4he von B\u00e9nodet: Preise<\/h2><\/div>\n\n<div class=\"frame\"><div class=\"ctoutvert\"><ctv-availability data-background-color=\"#FFFFFFFF\" ><\/ctv-availability><\/div><\/div>\n\n<div class=\"text-image-new style1 image-left\"><div class=\"text-image-new-colonne\"><H2 class=\"text-image-new-titre\">Mieten Sie ein g\u00fcnstigeres Mobilheim in der N\u00e4he von B\u00e9nodet<\/H2><div class=\"text-image-new-content\"><p>F\u00fcr diesen g\u00fcnstigen Aufenthalt auf dem Campingplatz B\u00e9nodet k\u00f6nnen Sie eines der Mobilheime buchen, die auf dem Campingplatz Breton verf\u00fcgbar sind.<\/p>\n<p>Unter den verf\u00fcgbaren Mietobjekten finden wir dieses 32 m\u00b2 gro\u00dfe Mobilheim f\u00fcr sechs Personen. Besonders praktisch, wenn Sie mit Kindern reisen m\u00f6chten, verf\u00fcgt die Unterkunft \u00fcber drei komfortable Schlafzimmer. Au\u00dferdem haben Sie Anspruch auf ein helles Wohnzimmer mit Essbereich, Sofa und Fernseher. In der K\u00fcche stehen Ihnen mehrere praktische Ger\u00e4te zur Verf\u00fcgung. Auch die Qualit\u00e4t des Badezimmers geh\u00f6rt zu den Vorz\u00fcgen des Mobilheims, ebenso wie die \u00fcberdachte Terrasse und die Gartenm\u00f6bel.<\/p>\n<\/div><p class=\"lire-plus\">Mehr lesen<\/p><div class=\"text-image-new-content-more hide\"><p>Der preiswerte 3-Sterne-Campingplatz in der N\u00e4he von B\u00e9nodet bietet auch dieses 25 m\u00b2 gro\u00dfe Mobilheim mit zwei Schlafzimmern an, das Platz f\u00fcr f\u00fcnf Personen, darunter mindestens ein Kind, bietet. Neben dem Komfort der Zimmer und der dort vorhandenen M\u00f6blierung wird das Mietobjekt auch wegen seiner ausgestatteten K\u00fcche und seines modernen Badezimmers gesch\u00e4tzt. Hinzu kommt ein ebenso gem\u00fctliches Wohnzimmer mit Essbereich, Schlafsofa und Fernseher. Wenn Sie in dieser Unterkunft \u00fcbernachten, k\u00f6nnen Sie auch eine private \u00fcberdachte Terrasse und Gartenm\u00f6bel mit Sonnenschirmen und Liegest\u00fchlen genie\u00dfen.<\/p>\n<p>Oder Sie w\u00e4hlen eines der Mobilheime des Campingplatzes mit zwei Schlafzimmern f\u00fcr vier Personen. Mit einer Fl\u00e4che von 27 m\u00b2 bieten diese Modelle vergleichbare Komfortelemente wie die oben genannten Mietobjekte, insbesondere in Bezug auf die K\u00fcchenausstattung, den Komfort in den Schlafzimmern oder im Wohnbereich. Wenn eine Person mit eingeschr\u00e4nkter Mobilit\u00e4t unterwegs ist, k\u00f6nnen Sie jederzeit ein an ihre Bed\u00fcrfnisse angepasstes Modell reservieren, das unter anderem eine Terrasse mit Auffahrtsrampe umfasst.<\/p>\n<p>Der Campingplatz verf\u00fcgt auch \u00fcber ungew\u00f6hnliche Mietobjekte, darunter Zeltbungalows f\u00fcr zwei oder vier Personen und Lodge-Zelte f\u00fcr f\u00fcnf Personen.<\/p>\n<\/div><p class=\"lire-moins hide\">Lese weniger<\/p><\/div><div class=\"text-image-new-colonne\"><img decoding=\"async\" src=\"https:\/\/www.campinglekervastard.com\/wp-content\/uploads\/2021\/07\/camping-mobil-home.jpg\" alt=\"G\u00fcnstige Mobilheimvermietung in Benodet\" class=\"text-image-new-thumb\" \/><\/div><\/div>\n\n<div class=\"text-image-new style1 image-right background-marron\"><div class=\"text-image-new-colonne\"><H2 class=\"text-image-new-titre\">Reservieren Sie einen g\u00fcnstigen Campingplatz nur wenige Schritte von B\u00e9nodet entfernt<\/H2><div class=\"text-image-new-content\"><p>M\u00f6chten Sie den altmodischen Campingurlaub genie\u00dfen? In der N\u00e4he von B\u00e9nodet stehen mehrere preiswerte Campingpl\u00e4tze zur Verf\u00fcgung, die durch Hecken perfekt abgegrenzt sind, um die Privatsph\u00e4re der verschiedenen Nutzer zu wahren. Die Parzellen, mit oder ohne Strom, k\u00f6nnen halbschattig oder vollst\u00e4ndig dem Tageslicht ausgesetzt sein. Aber sie alle erm\u00f6glichen Ihnen einen Aufenthalt inmitten der gr\u00fcnen Natur. Sie sind au\u00dferdem ger\u00e4umig genug, um Zelte, aber auch Wohnwagen oder Wohnmobile unterzubringen.<\/p>\n<\/div><\/div><div class=\"text-image-new-colonne\"><img decoding=\"async\" src=\"https:\/\/www.campinglekervastard.com\/wp-content\/uploads\/2021\/07\/camping-tente.jpg\" alt=\"g\u00fcnstiges Campingzelt Benodet\" class=\"text-image-new-thumb\" \/><\/div><\/div>\n\n<div class=\"text-image-new style1 image-left\"><div class=\"text-image-new-colonne\"><H2 class=\"text-image-new-titre\">Genie\u00dfen Sie das Schwimmbad auf dem Discount-Campingplatz in der N\u00e4he von B\u00e9nodet kostenlos<\/H2><div class=\"text-image-new-content\"><p>Der Campingplatz mit Badebereich in der N\u00e4he von B\u00e9nodet heizt sein Schwimmbad auf 29\u00b0C. Es ist t\u00e4glich von 10 bis 19 Uhr ge\u00f6ffnet und erm\u00f6glicht es Ihnen, entspannte Momente mit der Familie oder anderen Campern zu genie\u00dfen. Das erhitzte Wasser wirkt sich positiv auf Ihre Muskeln und Gelenke aus. Sie werden es auch brauchen, um sich nach einem Tag voller Aktivit\u00e4ten zu entspannen.<\/p>\n<p>Der Wasserbereich des Campingplatzes mit einem preiswerten Schwimmbad, nur wenige Schritte von B\u00e9nodet entfernt, verf\u00fcgt auch \u00fcber einen Badebereich f\u00fcr kleine Kinder. W\u00e4hrend sie sich in ihrem beheizten Planschbecken vergn\u00fcgen, k\u00f6nnen Sie sie beispielsweise jederzeit vom Liegestuhl im Solarium rund um das Hauptschwimmbecken aus beobachten.<\/p>\n<\/div><\/div><div class=\"text-image-new-colonne\"><img decoding=\"async\" src=\"https:\/\/www.campinglekervastard.com\/wp-content\/uploads\/2024\/04\/camping-piscine-benodet.jpg\" alt=\"g\u00fcnstiger Campingplatz mit Schwimmbad B\u00e9nodet\" class=\"text-image-new-thumb\" \/><\/div><\/div>","protected":false},"excerpt":{"rendered":"","protected":false},"author":4,"featured_media":4677,"parent":6174,"menu_order":0,"comment_status":"closed","ping_status":"closed","template":"","meta":{"_acf_changed":false,"footnotes":""},"class_list":["post-6162","page","type-page","status-publish","has-post-thumbnail","hentry"],"acf":[],"yoast_head":"<!-- This site is optimized with the Yoast SEO plugin v27.4 - https:\/\/yoast.com\/product\/yoast-seo-wordpress\/ -->\n<title>G\u00fcnstiger Campingplatz in der N\u00e4he von B\u00e9nodet: g\u00fcnstigere Mobilheimmiete B\u00e9nodet<\/title>\n<meta name=\"description\" content=\"Unser Campingplatz liegt in Fouesnant in der N\u00e4he von Benodet. Entdecken Sie unseren 3-Sterne-Campingplatz und seine g\u00fcnstigen Angebote.\" \/>\n<meta name=\"robots\" content=\"index, follow, max-snippet:-1, max-image-preview:large, max-video-preview:-1\" \/>\n<link rel=\"canonical\" href=\"https:\/\/www.campinglekervastard.com\/de\/campingplatz-benodet\/guenstiges-camping-benodet\/\" \/>\n<meta property=\"og:locale\" content=\"de_DE\" \/>\n<meta property=\"og:type\" content=\"article\" \/>\n<meta property=\"og:title\" content=\"G\u00fcnstiger Campingplatz in der N\u00e4he von B\u00e9nodet: g\u00fcnstigere Mobilheimmiete B\u00e9nodet\" \/>\n<meta property=\"og:description\" content=\"Unser Campingplatz liegt in Fouesnant in der N\u00e4he von Benodet. Entdecken Sie unseren 3-Sterne-Campingplatz und seine g\u00fcnstigen Angebote.\" \/>\n<meta property=\"og:url\" content=\"https:\/\/www.campinglekervastard.com\/de\/campingplatz-benodet\/guenstiges-camping-benodet\/\" \/>\n<meta property=\"og:site_name\" content=\"Camping le Kervastard\" \/>\n<meta property=\"article:modified_time\" content=\"2024-05-14T11:37:54+00:00\" \/>\n<meta property=\"og:image\" content=\"https:\/\/www.campinglekervastard.com\/wp-content\/uploads\/2021\/07\/benodet.jpg\" \/>\n\t<meta property=\"og:image:width\" content=\"1200\" \/>\n\t<meta property=\"og:image:height\" content=\"700\" \/>\n\t<meta property=\"og:image:type\" content=\"image\/jpeg\" \/>\n<meta name=\"twitter:card\" content=\"summary_large_image\" \/>\n<meta name=\"twitter:label1\" content=\"Gesch\u00e4tzte Lesezeit\" \/>\n\t<meta name=\"twitter:data1\" content=\"1\u00a0Minute\" \/>\n<script type=\"application\/ld+json\" class=\"yoast-schema-graph\">{\"@context\":\"https:\\\/\\\/schema.org\",\"@graph\":[{\"@type\":\"WebPage\",\"@id\":\"https:\\\/\\\/www.campinglekervastard.com\\\/de\\\/campingplatz-benodet\\\/guenstiges-camping-benodet\\\/\",\"url\":\"https:\\\/\\\/www.campinglekervastard.com\\\/de\\\/campingplatz-benodet\\\/guenstiges-camping-benodet\\\/\",\"name\":\"G\u00fcnstiger Campingplatz in der N\u00e4he von B\u00e9nodet: g\u00fcnstigere Mobilheimmiete B\u00e9nodet\",\"isPartOf\":{\"@id\":\"https:\\\/\\\/www.campinglekervastard.com\\\/de\\\/#website\"},\"primaryImageOfPage\":{\"@id\":\"https:\\\/\\\/www.campinglekervastard.com\\\/de\\\/campingplatz-benodet\\\/guenstiges-camping-benodet\\\/#primaryimage\"},\"image\":{\"@id\":\"https:\\\/\\\/www.campinglekervastard.com\\\/de\\\/campingplatz-benodet\\\/guenstiges-camping-benodet\\\/#primaryimage\"},\"thumbnailUrl\":\"https:\\\/\\\/www.campinglekervastard.com\\\/wp-content\\\/uploads\\\/2021\\\/07\\\/benodet.jpg\",\"datePublished\":\"2021-07-20T11:48:19+00:00\",\"dateModified\":\"2024-05-14T11:37:54+00:00\",\"description\":\"Unser Campingplatz liegt in Fouesnant in der N\u00e4he von Benodet. Entdecken Sie unseren 3-Sterne-Campingplatz und seine g\u00fcnstigen Angebote.\",\"breadcrumb\":{\"@id\":\"https:\\\/\\\/www.campinglekervastard.com\\\/de\\\/campingplatz-benodet\\\/guenstiges-camping-benodet\\\/#breadcrumb\"},\"inLanguage\":\"de\",\"potentialAction\":[{\"@type\":\"ReadAction\",\"target\":[\"https:\\\/\\\/www.campinglekervastard.com\\\/de\\\/campingplatz-benodet\\\/guenstiges-camping-benodet\\\/\"]}]},{\"@type\":\"ImageObject\",\"inLanguage\":\"de\",\"@id\":\"https:\\\/\\\/www.campinglekervastard.com\\\/de\\\/campingplatz-benodet\\\/guenstiges-camping-benodet\\\/#primaryimage\",\"url\":\"https:\\\/\\\/www.campinglekervastard.com\\\/wp-content\\\/uploads\\\/2021\\\/07\\\/benodet.jpg\",\"contentUrl\":\"https:\\\/\\\/www.campinglekervastard.com\\\/wp-content\\\/uploads\\\/2021\\\/07\\\/benodet.jpg\",\"width\":\"1200\",\"height\":\"700\",\"caption\":\"camping benodet\"},{\"@type\":\"BreadcrumbList\",\"@id\":\"https:\\\/\\\/www.campinglekervastard.com\\\/de\\\/campingplatz-benodet\\\/guenstiges-camping-benodet\\\/#breadcrumb\",\"itemListElement\":[{\"@type\":\"ListItem\",\"position\":1,\"name\":\"Camping Finistere Sud \u00e0 Fouesnant\",\"item\":\"https:\\\/\\\/www.campinglekervastard.com\\\/de\\\/\"},{\"@type\":\"ListItem\",\"position\":2,\"name\":\"G\u00fcnstiger Campingplatz in der N\u00e4he von B\u00e9nodet\"}]},{\"@type\":\"WebSite\",\"@id\":\"https:\\\/\\\/www.campinglekervastard.com\\\/de\\\/#website\",\"url\":\"https:\\\/\\\/www.campinglekervastard.com\\\/de\\\/\",\"name\":\"Camping le Kervastard\",\"description\":\"\",\"potentialAction\":[{\"@type\":\"SearchAction\",\"target\":{\"@type\":\"EntryPoint\",\"urlTemplate\":\"https:\\\/\\\/www.campinglekervastard.com\\\/de\\\/?s={search_term_string}\"},\"query-input\":{\"@type\":\"PropertyValueSpecification\",\"valueRequired\":true,\"valueName\":\"search_term_string\"}}],\"inLanguage\":\"de\"}]}<\/script>\n<!-- \/ Yoast SEO plugin. -->","yoast_head_json":{"title":"G\u00fcnstiger Campingplatz in der N\u00e4he von B\u00e9nodet: g\u00fcnstigere Mobilheimmiete B\u00e9nodet","description":"Unser Campingplatz liegt in Fouesnant in der N\u00e4he von Benodet. Entdecken Sie unseren 3-Sterne-Campingplatz und seine g\u00fcnstigen Angebote.","robots":{"index":"index","follow":"follow","max-snippet":"max-snippet:-1","max-image-preview":"max-image-preview:large","max-video-preview":"max-video-preview:-1"},"canonical":"https:\/\/www.campinglekervastard.com\/de\/campingplatz-benodet\/guenstiges-camping-benodet\/","og_locale":"de_DE","og_type":"article","og_title":"G\u00fcnstiger Campingplatz in der N\u00e4he von B\u00e9nodet: g\u00fcnstigere Mobilheimmiete B\u00e9nodet","og_description":"Unser Campingplatz liegt in Fouesnant in der N\u00e4he von Benodet. Entdecken Sie unseren 3-Sterne-Campingplatz und seine g\u00fcnstigen Angebote.","og_url":"https:\/\/www.campinglekervastard.com\/de\/campingplatz-benodet\/guenstiges-camping-benodet\/","og_site_name":"Camping le Kervastard","article_modified_time":"2024-05-14T11:37:54+00:00","og_image":[{"width":1200,"height":700,"url":"https:\/\/www.campinglekervastard.com\/wp-content\/uploads\/2021\/07\/benodet.jpg","type":"image\/jpeg"}],"twitter_card":"summary_large_image","twitter_misc":{"Gesch\u00e4tzte Lesezeit":"1\u00a0Minute"},"schema":{"@context":"https:\/\/schema.org","@graph":[{"@type":"WebPage","@id":"https:\/\/www.campinglekervastard.com\/de\/campingplatz-benodet\/guenstiges-camping-benodet\/","url":"https:\/\/www.campinglekervastard.com\/de\/campingplatz-benodet\/guenstiges-camping-benodet\/","name":"G\u00fcnstiger Campingplatz in der N\u00e4he von B\u00e9nodet: g\u00fcnstigere Mobilheimmiete B\u00e9nodet","isPartOf":{"@id":"https:\/\/www.campinglekervastard.com\/de\/#website"},"primaryImageOfPage":{"@id":"https:\/\/www.campinglekervastard.com\/de\/campingplatz-benodet\/guenstiges-camping-benodet\/#primaryimage"},"image":{"@id":"https:\/\/www.campinglekervastard.com\/de\/campingplatz-benodet\/guenstiges-camping-benodet\/#primaryimage"},"thumbnailUrl":"https:\/\/www.campinglekervastard.com\/wp-content\/uploads\/2021\/07\/benodet.jpg","datePublished":"2021-07-20T11:48:19+00:00","dateModified":"2024-05-14T11:37:54+00:00","description":"Unser Campingplatz liegt in Fouesnant in der N\u00e4he von Benodet. Entdecken Sie unseren 3-Sterne-Campingplatz und seine g\u00fcnstigen Angebote.","breadcrumb":{"@id":"https:\/\/www.campinglekervastard.com\/de\/campingplatz-benodet\/guenstiges-camping-benodet\/#breadcrumb"},"inLanguage":"de","potentialAction":[{"@type":"ReadAction","target":["https:\/\/www.campinglekervastard.com\/de\/campingplatz-benodet\/guenstiges-camping-benodet\/"]}]},{"@type":"ImageObject","inLanguage":"de","@id":"https:\/\/www.campinglekervastard.com\/de\/campingplatz-benodet\/guenstiges-camping-benodet\/#primaryimage","url":"https:\/\/www.campinglekervastard.com\/wp-content\/uploads\/2021\/07\/benodet.jpg","contentUrl":"https:\/\/www.campinglekervastard.com\/wp-content\/uploads\/2021\/07\/benodet.jpg","width":"1200","height":"700","caption":"camping benodet"},{"@type":"BreadcrumbList","@id":"https:\/\/www.campinglekervastard.com\/de\/campingplatz-benodet\/guenstiges-camping-benodet\/#breadcrumb","itemListElement":[{"@type":"ListItem","position":1,"name":"Camping Finistere Sud \u00e0 Fouesnant","item":"https:\/\/www.campinglekervastard.com\/de\/"},{"@type":"ListItem","position":2,"name":"G\u00fcnstiger Campingplatz in der N\u00e4he von B\u00e9nodet"}]},{"@type":"WebSite","@id":"https:\/\/www.campinglekervastard.com\/de\/#website","url":"https:\/\/www.campinglekervastard.com\/de\/","name":"Camping le Kervastard","description":"","potentialAction":[{"@type":"SearchAction","target":{"@type":"EntryPoint","urlTemplate":"https:\/\/www.campinglekervastard.com\/de\/?s={search_term_string}"},"query-input":{"@type":"PropertyValueSpecification","valueRequired":true,"valueName":"search_term_string"}}],"inLanguage":"de"}]}},"_links":{"self":[{"href":"https:\/\/www.campinglekervastard.com\/de\/wp-json\/wp\/v2\/pages\/6162","targetHints":{"allow":["GET"]}}],"collection":[{"href":"https:\/\/www.campinglekervastard.com\/de\/wp-json\/wp\/v2\/pages"}],"about":[{"href":"https:\/\/www.campinglekervastard.com\/de\/wp-json\/wp\/v2\/types\/page"}],"author":[{"embeddable":true,"href":"https:\/\/www.campinglekervastard.com\/de\/wp-json\/wp\/v2\/users\/4"}],"replies":[{"embeddable":true,"href":"https:\/\/www.campinglekervastard.com\/de\/wp-json\/wp\/v2\/comments?post=6162"}],"version-history":[{"count":2,"href":"https:\/\/www.campinglekervastard.com\/de\/wp-json\/wp\/v2\/pages\/6162\/revisions"}],"predecessor-version":[{"id":6165,"href":"https:\/\/www.campinglekervastard.com\/de\/wp-json\/wp\/v2\/pages\/6162\/revisions\/6165"}],"up":[{"embeddable":true,"href":"https:\/\/www.campinglekervastard.com\/de\/wp-json\/wp\/v2\/pages\/6174"}],"wp:featuredmedia":[{"embeddable":true,"href":"https:\/\/www.campinglekervastard.com\/de\/wp-json\/wp\/v2\/media\/4677"}],"wp:attachment":[{"href":"https:\/\/www.campinglekervastard.com\/de\/wp-json\/wp\/v2\/media?parent=6162"}],"curies":[{"name":"wp","href":"https:\/\/api.w.org\/{rel}","templated":true}]}}