{"id":6146,"date":"2021-07-20T13:18:06","date_gmt":"2021-07-20T11:18:06","guid":{"rendered":"https:\/\/www.campinglekervastard.com\/camping-avec-piscine-bretagne\/"},"modified":"2024-05-14T12:08:59","modified_gmt":"2024-05-14T10:08:59","slug":"campingplatz-mit-pool-bretagne","status":"publish","type":"page","link":"https:\/\/www.campinglekervastard.com\/de\/campingplatz-suedbretagne\/campingplatz-mit-pool-bretagne\/","title":{"rendered":"Campingplatz mit Schwimmbad Bretagne"},"content":{"rendered":"<div class=\"bloc-texte full\"><div class=\"texte center\"><p>F\u00fcr Ihren n\u00e4chsten Urlaub mit Familie oder Freunden freut sich Le\u00a0Kervastard, Sie herzlich auf seinem Campingplatz mit Schwimmbad in Fouesnant im Finist\u00e8re begr\u00fc\u00dfen zu d\u00fcrfen. Der Campingplatz in der Bretagne liegt nur einen Steinwurf vom Strand entfernt und ist der ideale Urlaubsort, der Ihren Wunsch nach Natur und frischer Luft erf\u00fcllt. Camping mit Schwimmbad in der Bretagne ist auch ein praktischer Ausgangspunkt, um andere herrliche Orte zu entdecken, darunter nahegelegene Ziele wie B\u00e9nodet oder Concarneau.<\/p>\n<\/div><\/div>\n\n<div class=\"text-image-new style1 image-right background-marron\"><div class=\"text-image-new-colonne\"><H2 class=\"text-image-new-titre\">Der Wasserbereich mit beheiztem und \u00fcberdachtem Schwimmbad auf dem Campingplatz in der Bretagne<\/H2><div class=\"text-image-new-content\"><p>Nutzen Sie w\u00e4hrend Ihres Aufenthalts im Kervastard den Wasserbereich voll aus. Das Resort ist t\u00e4glich von 10 bis 19 Uhr ge\u00f6ffnet. Die Bewohner des 3-Sterne-Campingplatzes mit Schwimmbad in der Bretagne, Erwachsene und Kinder, k\u00f6nnen ihn zum Schwimmen, Spa\u00df haben oder entspannen nutzen.<\/p>\n<p>Verpassen Sie nicht das Hauptschwimmbecken im Wasserbereich und genie\u00dfen Sie dieses sch\u00f6ne beheizte und \u00fcberdachte Schwimmbad. Das Wasser wird auf 26\u00b0C erhitzt, was ideal ist, um wertvolle Momente der Entspannung zu genie\u00dfen. Dieser Pool ist au\u00dferdem \u00fcberdacht, sodass Sie ihn auch bei grauem Wetter genie\u00dfen k\u00f6nnen.<\/p>\n<p>Der Campingplatz mit beheiztem Schwimmbad in der Bretagne verf\u00fcgt au\u00dferdem \u00fcber eine gro\u00dfe Solariumterrasse mit mehreren Sonnenliegen.<\/p>\n<\/div><\/div><div class=\"text-image-new-colonne\"><img decoding=\"async\" src=\"https:\/\/www.campinglekervastard.com\/wp-content\/uploads\/2024\/04\/camping-piscine-benodet.jpg\" alt=\"Campingplatz mit beheiztem Schwimmbad Bretagne\" class=\"text-image-new-thumb\" \/><\/div><\/div>\n\n<div class=\"text-image-new style1 image-left\"><div class=\"text-image-new-colonne\"><H2 class=\"text-image-new-titre\">Entdecken Sie das Planschbecken auf dem Campingplatz in der Bretagne<\/H2><div class=\"text-image-new-content\"><p>Auch die Kinder kommen w\u00e4hrend ihres Aufenthalts auf dem Campingplatz mit Badelandschaft in der Bretagne nicht zu kurz. Besonders junge Camper haben Anspruch auf verschiedene Aktivit\u00e4ten und Unterhaltung. Dar\u00fcber hinaus gibt es ein flaches Becken, in dem sich die Kleinsten in v\u00f6lliger Sicherheit vergn\u00fcgen k\u00f6nnen. Das Planschbecken, dessen Wasser ebenfalls beheizt ist, ist auch ein Treffpunkt, in dem Kinder neue Freundschaften schlie\u00dfen k\u00f6nnen. Kurz gesagt, ein Aufenthalt auf diesem Campingplatz mit Planschbecken in der Bretagne ist ein gro\u00dfartiges Erlebnis, bei dem Sie einige der sch\u00f6nsten Momente der Freude und Entspannung mit Ihren Lieben teilen werden.<\/p>\n<\/div><\/div><div class=\"text-image-new-colonne\"><img decoding=\"async\" src=\"https:\/\/www.campinglekervastard.com\/wp-content\/uploads\/2024\/04\/camping-avec-piscine-bretagne.jpg\" alt=\"Campingplatz mit Wasserfl\u00e4che Bretagne\" class=\"text-image-new-thumb\" \/><\/div><\/div>","protected":false},"excerpt":{"rendered":"","protected":false},"author":4,"featured_media":4681,"parent":6154,"menu_order":0,"comment_status":"closed","ping_status":"closed","template":"","meta":{"_acf_changed":false,"footnotes":""},"class_list":["post-6146","page","type-page","status-publish","has-post-thumbnail","hentry"],"acf":[],"yoast_head":"<!-- This site is optimized with the Yoast SEO plugin v27.3 - https:\/\/yoast.com\/product\/yoast-seo-wordpress\/ -->\n<title>Campingplatz mit beheiztem und \u00fcberdachtem Schwimmbad in der S\u00fcdbretagne<\/title>\n<meta name=\"description\" content=\"Entdecken Sie unseren Campingplatz mit Schwimmbad in der S\u00fcdbretagne. Unser Campingplatz in Fouesnant im Finist\u00e8re ist ein 3-Sterne-Campingplatz.\" \/>\n<meta name=\"robots\" content=\"index, follow, max-snippet:-1, max-image-preview:large, max-video-preview:-1\" \/>\n<link rel=\"canonical\" href=\"https:\/\/www.campinglekervastard.com\/de\/campingplatz-suedbretagne\/campingplatz-mit-pool-bretagne\/\" \/>\n<meta property=\"og:locale\" content=\"de_DE\" \/>\n<meta property=\"og:type\" content=\"article\" \/>\n<meta property=\"og:title\" content=\"Campingplatz mit beheiztem und \u00fcberdachtem Schwimmbad in der S\u00fcdbretagne\" \/>\n<meta property=\"og:description\" content=\"Entdecken Sie unseren Campingplatz mit Schwimmbad in der S\u00fcdbretagne. Unser Campingplatz in Fouesnant im Finist\u00e8re ist ein 3-Sterne-Campingplatz.\" \/>\n<meta property=\"og:url\" content=\"https:\/\/www.campinglekervastard.com\/de\/campingplatz-suedbretagne\/campingplatz-mit-pool-bretagne\/\" \/>\n<meta property=\"og:site_name\" content=\"Camping le Kervastard\" \/>\n<meta property=\"article:modified_time\" content=\"2024-05-14T10:08:59+00:00\" \/>\n<meta property=\"og:image\" content=\"https:\/\/www.campinglekervastard.com\/wp-content\/uploads\/2021\/07\/bretagne.jpg\" \/>\n\t<meta property=\"og:image:width\" content=\"1200\" \/>\n\t<meta property=\"og:image:height\" content=\"700\" \/>\n\t<meta property=\"og:image:type\" content=\"image\/jpeg\" \/>\n<meta name=\"twitter:card\" content=\"summary_large_image\" \/>\n<meta name=\"twitter:label1\" content=\"Gesch\u00e4tzte Lesezeit\" \/>\n\t<meta name=\"twitter:data1\" content=\"1\u00a0Minute\" \/>\n<script type=\"application\/ld+json\" class=\"yoast-schema-graph\">{\"@context\":\"https:\\\/\\\/schema.org\",\"@graph\":[{\"@type\":\"WebPage\",\"@id\":\"https:\\\/\\\/www.campinglekervastard.com\\\/de\\\/campingplatz-suedbretagne\\\/campingplatz-mit-pool-bretagne\\\/\",\"url\":\"https:\\\/\\\/www.campinglekervastard.com\\\/de\\\/campingplatz-suedbretagne\\\/campingplatz-mit-pool-bretagne\\\/\",\"name\":\"Campingplatz mit beheiztem und \u00fcberdachtem Schwimmbad in der S\u00fcdbretagne\",\"isPartOf\":{\"@id\":\"https:\\\/\\\/www.campinglekervastard.com\\\/de\\\/#website\"},\"primaryImageOfPage\":{\"@id\":\"https:\\\/\\\/www.campinglekervastard.com\\\/de\\\/campingplatz-suedbretagne\\\/campingplatz-mit-pool-bretagne\\\/#primaryimage\"},\"image\":{\"@id\":\"https:\\\/\\\/www.campinglekervastard.com\\\/de\\\/campingplatz-suedbretagne\\\/campingplatz-mit-pool-bretagne\\\/#primaryimage\"},\"thumbnailUrl\":\"https:\\\/\\\/www.campinglekervastard.com\\\/wp-content\\\/uploads\\\/2021\\\/07\\\/bretagne.jpg\",\"datePublished\":\"2021-07-20T11:18:06+00:00\",\"dateModified\":\"2024-05-14T10:08:59+00:00\",\"description\":\"Entdecken Sie unseren Campingplatz mit Schwimmbad in der S\u00fcdbretagne. Unser Campingplatz in Fouesnant im Finist\u00e8re ist ein 3-Sterne-Campingplatz.\",\"breadcrumb\":{\"@id\":\"https:\\\/\\\/www.campinglekervastard.com\\\/de\\\/campingplatz-suedbretagne\\\/campingplatz-mit-pool-bretagne\\\/#breadcrumb\"},\"inLanguage\":\"de\",\"potentialAction\":[{\"@type\":\"ReadAction\",\"target\":[\"https:\\\/\\\/www.campinglekervastard.com\\\/de\\\/campingplatz-suedbretagne\\\/campingplatz-mit-pool-bretagne\\\/\"]}]},{\"@type\":\"ImageObject\",\"inLanguage\":\"de\",\"@id\":\"https:\\\/\\\/www.campinglekervastard.com\\\/de\\\/campingplatz-suedbretagne\\\/campingplatz-mit-pool-bretagne\\\/#primaryimage\",\"url\":\"https:\\\/\\\/www.campinglekervastard.com\\\/wp-content\\\/uploads\\\/2021\\\/07\\\/bretagne.jpg\",\"contentUrl\":\"https:\\\/\\\/www.campinglekervastard.com\\\/wp-content\\\/uploads\\\/2021\\\/07\\\/bretagne.jpg\",\"width\":1200,\"height\":700},{\"@type\":\"BreadcrumbList\",\"@id\":\"https:\\\/\\\/www.campinglekervastard.com\\\/de\\\/campingplatz-suedbretagne\\\/campingplatz-mit-pool-bretagne\\\/#breadcrumb\",\"itemListElement\":[{\"@type\":\"ListItem\",\"position\":1,\"name\":\"Camping Finistere Sud \u00e0 Fouesnant\",\"item\":\"https:\\\/\\\/www.campinglekervastard.com\\\/de\\\/\"},{\"@type\":\"ListItem\",\"position\":2,\"name\":\"Campingplatz mit Schwimmbad in der Bretagne\"}]},{\"@type\":\"WebSite\",\"@id\":\"https:\\\/\\\/www.campinglekervastard.com\\\/de\\\/#website\",\"url\":\"https:\\\/\\\/www.campinglekervastard.com\\\/de\\\/\",\"name\":\"Camping le Kervastard\",\"description\":\"\",\"potentialAction\":[{\"@type\":\"SearchAction\",\"target\":{\"@type\":\"EntryPoint\",\"urlTemplate\":\"https:\\\/\\\/www.campinglekervastard.com\\\/de\\\/?s={search_term_string}\"},\"query-input\":{\"@type\":\"PropertyValueSpecification\",\"valueRequired\":true,\"valueName\":\"search_term_string\"}}],\"inLanguage\":\"de\"}]}<\/script>\n<!-- \/ Yoast SEO plugin. -->","yoast_head_json":{"title":"Campingplatz mit beheiztem und \u00fcberdachtem Schwimmbad in der S\u00fcdbretagne","description":"Entdecken Sie unseren Campingplatz mit Schwimmbad in der S\u00fcdbretagne. Unser Campingplatz in Fouesnant im Finist\u00e8re ist ein 3-Sterne-Campingplatz.","robots":{"index":"index","follow":"follow","max-snippet":"max-snippet:-1","max-image-preview":"max-image-preview:large","max-video-preview":"max-video-preview:-1"},"canonical":"https:\/\/www.campinglekervastard.com\/de\/campingplatz-suedbretagne\/campingplatz-mit-pool-bretagne\/","og_locale":"de_DE","og_type":"article","og_title":"Campingplatz mit beheiztem und \u00fcberdachtem Schwimmbad in der S\u00fcdbretagne","og_description":"Entdecken Sie unseren Campingplatz mit Schwimmbad in der S\u00fcdbretagne. Unser Campingplatz in Fouesnant im Finist\u00e8re ist ein 3-Sterne-Campingplatz.","og_url":"https:\/\/www.campinglekervastard.com\/de\/campingplatz-suedbretagne\/campingplatz-mit-pool-bretagne\/","og_site_name":"Camping le Kervastard","article_modified_time":"2024-05-14T10:08:59+00:00","og_image":[{"width":1200,"height":700,"url":"https:\/\/www.campinglekervastard.com\/wp-content\/uploads\/2021\/07\/bretagne.jpg","type":"image\/jpeg"}],"twitter_card":"summary_large_image","twitter_misc":{"Gesch\u00e4tzte Lesezeit":"1\u00a0Minute"},"schema":{"@context":"https:\/\/schema.org","@graph":[{"@type":"WebPage","@id":"https:\/\/www.campinglekervastard.com\/de\/campingplatz-suedbretagne\/campingplatz-mit-pool-bretagne\/","url":"https:\/\/www.campinglekervastard.com\/de\/campingplatz-suedbretagne\/campingplatz-mit-pool-bretagne\/","name":"Campingplatz mit beheiztem und \u00fcberdachtem Schwimmbad in der S\u00fcdbretagne","isPartOf":{"@id":"https:\/\/www.campinglekervastard.com\/de\/#website"},"primaryImageOfPage":{"@id":"https:\/\/www.campinglekervastard.com\/de\/campingplatz-suedbretagne\/campingplatz-mit-pool-bretagne\/#primaryimage"},"image":{"@id":"https:\/\/www.campinglekervastard.com\/de\/campingplatz-suedbretagne\/campingplatz-mit-pool-bretagne\/#primaryimage"},"thumbnailUrl":"https:\/\/www.campinglekervastard.com\/wp-content\/uploads\/2021\/07\/bretagne.jpg","datePublished":"2021-07-20T11:18:06+00:00","dateModified":"2024-05-14T10:08:59+00:00","description":"Entdecken Sie unseren Campingplatz mit Schwimmbad in der S\u00fcdbretagne. Unser Campingplatz in Fouesnant im Finist\u00e8re ist ein 3-Sterne-Campingplatz.","breadcrumb":{"@id":"https:\/\/www.campinglekervastard.com\/de\/campingplatz-suedbretagne\/campingplatz-mit-pool-bretagne\/#breadcrumb"},"inLanguage":"de","potentialAction":[{"@type":"ReadAction","target":["https:\/\/www.campinglekervastard.com\/de\/campingplatz-suedbretagne\/campingplatz-mit-pool-bretagne\/"]}]},{"@type":"ImageObject","inLanguage":"de","@id":"https:\/\/www.campinglekervastard.com\/de\/campingplatz-suedbretagne\/campingplatz-mit-pool-bretagne\/#primaryimage","url":"https:\/\/www.campinglekervastard.com\/wp-content\/uploads\/2021\/07\/bretagne.jpg","contentUrl":"https:\/\/www.campinglekervastard.com\/wp-content\/uploads\/2021\/07\/bretagne.jpg","width":1200,"height":700},{"@type":"BreadcrumbList","@id":"https:\/\/www.campinglekervastard.com\/de\/campingplatz-suedbretagne\/campingplatz-mit-pool-bretagne\/#breadcrumb","itemListElement":[{"@type":"ListItem","position":1,"name":"Camping Finistere Sud \u00e0 Fouesnant","item":"https:\/\/www.campinglekervastard.com\/de\/"},{"@type":"ListItem","position":2,"name":"Campingplatz mit Schwimmbad in der Bretagne"}]},{"@type":"WebSite","@id":"https:\/\/www.campinglekervastard.com\/de\/#website","url":"https:\/\/www.campinglekervastard.com\/de\/","name":"Camping le Kervastard","description":"","potentialAction":[{"@type":"SearchAction","target":{"@type":"EntryPoint","urlTemplate":"https:\/\/www.campinglekervastard.com\/de\/?s={search_term_string}"},"query-input":{"@type":"PropertyValueSpecification","valueRequired":true,"valueName":"search_term_string"}}],"inLanguage":"de"}]}},"_links":{"self":[{"href":"https:\/\/www.campinglekervastard.com\/de\/wp-json\/wp\/v2\/pages\/6146","targetHints":{"allow":["GET"]}}],"collection":[{"href":"https:\/\/www.campinglekervastard.com\/de\/wp-json\/wp\/v2\/pages"}],"about":[{"href":"https:\/\/www.campinglekervastard.com\/de\/wp-json\/wp\/v2\/types\/page"}],"author":[{"embeddable":true,"href":"https:\/\/www.campinglekervastard.com\/de\/wp-json\/wp\/v2\/users\/4"}],"replies":[{"embeddable":true,"href":"https:\/\/www.campinglekervastard.com\/de\/wp-json\/wp\/v2\/comments?post=6146"}],"version-history":[{"count":2,"href":"https:\/\/www.campinglekervastard.com\/de\/wp-json\/wp\/v2\/pages\/6146\/revisions"}],"predecessor-version":[{"id":6149,"href":"https:\/\/www.campinglekervastard.com\/de\/wp-json\/wp\/v2\/pages\/6146\/revisions\/6149"}],"up":[{"embeddable":true,"href":"https:\/\/www.campinglekervastard.com\/de\/wp-json\/wp\/v2\/pages\/6154"}],"wp:featuredmedia":[{"embeddable":true,"href":"https:\/\/www.campinglekervastard.com\/de\/wp-json\/wp\/v2\/media\/4681"}],"wp:attachment":[{"href":"https:\/\/www.campinglekervastard.com\/de\/wp-json\/wp\/v2\/media?parent=6146"}],"curies":[{"name":"wp","href":"https:\/\/api.w.org\/{rel}","templated":true}]}}