{"id":6142,"date":"2021-07-20T13:48:18","date_gmt":"2021-07-20T11:48:18","guid":{"rendered":"https:\/\/www.campinglekervastard.com\/camping-pas-cher-bretagne\/"},"modified":"2024-05-14T12:06:34","modified_gmt":"2024-05-14T10:06:34","slug":"guenstiges-camping-in-der-bretagne","status":"publish","type":"page","link":"https:\/\/www.campinglekervastard.com\/de\/campingplatz-suedbretagne\/guenstiges-camping-in-der-bretagne\/","title":{"rendered":"G\u00fcnstiger Campingplatz in der Bretagne"},"content":{"rendered":"<div class=\"bloc-texte full\"><div class=\"texte center\"><p>Wenn Sie Lust auf Natur und frische Luft haben, lassen Sie sich von einem Campingurlaub am Meer im S\u00fcden der Bretagne verf\u00fchren. Le\u00a0Kervastard, ein g\u00fcnstiger Campingplatz in Fouesnant, hei\u00dft Sie im Finist\u00e8re willkommen. Der Aufenthalt erm\u00f6glicht es Ihnen, eine bezaubernde und erholsame Umgebung zu genie\u00dfen, nur wenige Minuten vom Strand, aber auch vom Stadthafen oder dem Stadtzentrum entfernt.<\/p>\n<\/div><\/div>\n\n<div class=\"titre-block\"><h2 class=\"titre center\">G\u00fcnstiger Campingplatz Bretagne: Preise<\/h2><\/div>\n\n<div class=\"frame\"><div class=\"ctoutvert\"><ctv-availability data-background-color=\"#FFFFFFFF\" ><\/ctv-availability><\/div><\/div>\n\n<div class=\"text-image-new style1 image-right background-marron\"><div class=\"text-image-new-colonne\"><H2 class=\"text-image-new-titre\">Mieten Sie ein g\u00fcnstigeres Mobilheim in der Bretagne<\/H2><div class=\"text-image-new-content\"><p>Der g\u00fcnstige Campingplatz in der Bretagne besticht zwar durch seine idyllische Lage, aber auch der Komfort der Mobilheimvermietung geh\u00f6rt zu seinen Hauptvorteilen.<\/p>\n<ul>\n<li>Mobilheim mit 2 Schlafzimmern \u2013 27 m\u00b2: Praktisch f\u00fcr einen Aufenthalt zu zweit, mit der Familie oder mit Freunden, dieses Mobilheim bietet Platz f\u00fcr vier Personen. Es verf\u00fcgt \u00fcber ein helles Wohnzimmer mit Essbereich, Sofa und TV, aber auch eine voll ausgestattete K\u00fcche und ein Badezimmer mit separater Toilette. Hinzu kommen eine \u00fcberdachte Terrasse und Gartenm\u00f6bel mit Sonnenschirm und Sonnenliegen.<\/li>\n<li>PMR-Mobilheim mit 2 Schlafzimmern \u2013 27 m\u00b2: Wenn Sie planen, mit einer Person mit eingeschr\u00e4nkter Mobilit\u00e4t zu reisen, ist dieses Mobilheim genau das Richtige f\u00fcr Sie. Das Badezimmer und die \u00fcberdachte Terrasse sind besonders gut zug\u00e4nglich gestaltet. Dar\u00fcber hinaus bietet das Mietobjekt die gleichen Komfortelemente wie das Vorg\u00e4ngermodell, insbesondere ein gem\u00fctliches Wohnzimmer mit Essbereich, eine ausgestattete K\u00fcche usw.<\/li>\n<\/ul>\n<\/div><\/div><div class=\"text-image-new-colonne\"><img decoding=\"async\" src=\"https:\/\/www.campinglekervastard.com\/wp-content\/uploads\/2021\/07\/mobil-home-taos.jpg\" alt=\"g\u00fcnstige Mobilheimvermietung in der Bretagne\" class=\"text-image-new-thumb\" \/><\/div><\/div>\n\n<div class=\"text-image-new style1 image-left\"><div class=\"text-image-new-colonne\"><div class=\"text-image-new-content\"><ul>\n<li>Mobilheim mit 2 Schlafzimmern \u2013 25 m\u00b2: Das Mobilheim ist f\u00fcr die Unterbringung von f\u00fcnf Personen ausgelegt \u2013 genauer gesagt f\u00fcr vier Erwachsene und ein Kind. Neben dem Komfort der Zimmer wird das Mietobjekt auch wegen seines Wohnraums mit seinem in ein Bett umwandelbaren Essbereich, aber auch wegen seiner voll ausgestatteten K\u00fcche gesch\u00e4tzt. Zu seinen Vorz\u00fcgen z\u00e4hlen auch das komplette Badezimmer sowie die \u00fcberdachte Terrasse und die Gartenm\u00f6bel mit Sonnenschirmen und Liegest\u00fchlen.<\/li>\n<li>Mobilheim mit 3 Schlafzimmern: Sie k\u00f6nnen auch den Komfort eines Mobilheims mit drei Schlafzimmern genie\u00dfen, das Platz f\u00fcr sechs Personen bietet. Die verf\u00fcgbaren Modelle haben eine Fl\u00e4che zwischen 29 und 32 m2. Sie verf\u00fcgen \u00fcber mehrere Vorteile, darunter eine K\u00fcche mit allen notwendigen Ger\u00e4ten, aber auch ein komplettes Badezimmer oder ein gem\u00fctliches Wohnzimmer, unter anderem mit einem Essbereich, einem Sofa und einem Fernseher. Hinzu kommen eine \u00fcberdachte Terrasse und Gartenm\u00f6bel mit Sonnenschirmen und Liegest\u00fchlen.\n<p>&nbsp;<\/li>\n<\/ul>\n<p>Auf dem preiswerten 3-Sterne-Campingplatz Brittany k\u00f6nnen Sie auch ungew\u00f6hnliche Mietunterk\u00fcnfte buchen: Zeltbungalows f\u00fcr zwei oder vier Personen oder Lodgezelte f\u00fcr f\u00fcnf Personen.<\/p>\n<\/div><\/div><div class=\"text-image-new-colonne\"><img decoding=\"async\" src=\"https:\/\/www.campinglekervastard.com\/wp-content\/uploads\/2024\/04\/devenir-proprietaire.jpg\" alt=\"g\u00fcnstiger Campingplatz Bretagne\" class=\"text-image-new-thumb\" \/><\/div><\/div>\n\n<div class=\"text-image-new style1 image-right background-marron\"><div class=\"text-image-new-colonne\"><H2 class=\"text-image-new-titre\">Reservieren Sie einen g\u00fcnstigen Campingplatz in der Bretagne<\/H2><div class=\"text-image-new-content\"><p>Es ist auch m\u00f6glich, Ihren Urlaub am Meer auf einem g\u00fcnstigen Campingplatz in der Bretagne zu genie\u00dfen. Sie haben die Wahl, ob Sie ein Grundst\u00fcck mit oder ohne Strom w\u00fcnschen oder ob Sie ein sonniges oder halbschattiges Grundst\u00fcck w\u00fcnschen. Wie auch immer Sie sich entscheiden, achten Sie darauf, dass der Standort ausreichend Platz f\u00fcr Ihre Zelte und Ihren Wohnwagen oder Wohnmobil bietet.<\/p>\n<p>Der g\u00fcnstige Campingplatz Bretagne verf\u00fcgt auch \u00fcber einen Servicebereich f\u00fcr Wohnmobile. Es gibt insbesondere einen Stromanschluss, der tags\u00fcber zum Entleeren oder Bef\u00fcllen zug\u00e4nglich ist.<\/p>\n<\/div><\/div><div class=\"text-image-new-colonne\"><img decoding=\"async\" src=\"https:\/\/www.campinglekervastard.com\/wp-content\/uploads\/2021\/07\/camping-tente.jpg\" alt=\"g\u00fcnstiges Campingzelt Bretagne\" class=\"text-image-new-thumb\" \/><\/div><\/div>\n\n<div class=\"text-image-new style1 image-left\"><div class=\"text-image-new-colonne\"><H2 class=\"text-image-new-titre\">Genie\u00dfen Sie das Schwimmbad auf dem Discount-Campingplatz in der Bretagne kostenlos<\/H2><div class=\"text-image-new-content\"><p>Nutzen Sie den Wasserbereich von Kervastard, einem Campingplatz mit Schwimmbad in der Bretagne, voll aus. Das Resort ist t\u00e4glich von 10 bis 19 Uhr erreichbar. Es gibt ein beheiztes Schwimmbad, in dem Sie schwimmen oder entspannen k\u00f6nnen. Der Pool ist gro\u00df genug, um sowohl Erwachsene als auch Kinder unterzubringen. Rundherum befindet sich eine Solariumterrasse mit mehreren Sonnenliegen.<\/p>\n<p>Von diesem Entspannungsbereich des Campingplatzes mit g\u00fcnstigem Schwimmbad in der Bretagne aus k\u00f6nnen Sie Ihre Kinder im Auge behalten, insbesondere die J\u00fcngsten, die sich in ihrem Planschbecken vergn\u00fcgen. Dieser flache Pool ist ebenfalls beheizt und bietet ihnen die M\u00f6glichkeit, die Freuden des Wassers in v\u00f6lliger Ruhe zu genie\u00dfen.<\/p>\n<\/div><\/div><div class=\"text-image-new-colonne\"><img decoding=\"async\" src=\"https:\/\/www.campinglekervastard.com\/wp-content\/uploads\/2024\/04\/camping-piscine-benodet.jpg\" alt=\"Campingplatz Schwimmbad Bretagne\" class=\"text-image-new-thumb\" \/><\/div><\/div>","protected":false},"excerpt":{"rendered":"","protected":false},"author":4,"featured_media":4681,"parent":6154,"menu_order":0,"comment_status":"closed","ping_status":"closed","template":"","meta":{"_acf_changed":false,"footnotes":""},"class_list":["post-6142","page","type-page","status-publish","has-post-thumbnail","hentry"],"acf":[],"yoast_head":"<!-- This site is optimized with the Yoast SEO plugin v27.4 - https:\/\/yoast.com\/product\/yoast-seo-wordpress\/ -->\n<title>G\u00fcnstiger Campingplatz in der S\u00fcdbretagne: Angebote und Aktionen<\/title>\n<meta name=\"description\" content=\"Der 3-Sterne-Campingplatz Le Kervastard bietet die Vermietung von Mobilheimen f\u00fcr jeden Geldbeutel. Entdecken Sie unsere Angebote zum besten Preis.\" \/>\n<meta name=\"robots\" content=\"index, follow, max-snippet:-1, max-image-preview:large, max-video-preview:-1\" \/>\n<link rel=\"canonical\" href=\"https:\/\/www.campinglekervastard.com\/de\/campingplatz-suedbretagne\/guenstiges-camping-in-der-bretagne\/\" \/>\n<meta property=\"og:locale\" content=\"de_DE\" \/>\n<meta property=\"og:type\" content=\"article\" \/>\n<meta property=\"og:title\" content=\"G\u00fcnstiger Campingplatz in der S\u00fcdbretagne: Angebote und Aktionen\" \/>\n<meta property=\"og:description\" content=\"Der 3-Sterne-Campingplatz Le Kervastard bietet die Vermietung von Mobilheimen f\u00fcr jeden Geldbeutel. Entdecken Sie unsere Angebote zum besten Preis.\" \/>\n<meta property=\"og:url\" content=\"https:\/\/www.campinglekervastard.com\/de\/campingplatz-suedbretagne\/guenstiges-camping-in-der-bretagne\/\" \/>\n<meta property=\"og:site_name\" content=\"Camping le Kervastard\" \/>\n<meta property=\"article:modified_time\" content=\"2024-05-14T10:06:34+00:00\" \/>\n<meta property=\"og:image\" content=\"https:\/\/www.campinglekervastard.com\/wp-content\/uploads\/2021\/07\/bretagne.jpg\" \/>\n\t<meta property=\"og:image:width\" content=\"1200\" \/>\n\t<meta property=\"og:image:height\" content=\"700\" \/>\n\t<meta property=\"og:image:type\" content=\"image\/jpeg\" \/>\n<meta name=\"twitter:card\" content=\"summary_large_image\" \/>\n<meta name=\"twitter:label1\" content=\"Gesch\u00e4tzte Lesezeit\" \/>\n\t<meta name=\"twitter:data1\" content=\"1\u00a0Minute\" \/>\n<script type=\"application\/ld+json\" class=\"yoast-schema-graph\">{\"@context\":\"https:\\\/\\\/schema.org\",\"@graph\":[{\"@type\":\"WebPage\",\"@id\":\"https:\\\/\\\/www.campinglekervastard.com\\\/de\\\/campingplatz-suedbretagne\\\/guenstiges-camping-in-der-bretagne\\\/\",\"url\":\"https:\\\/\\\/www.campinglekervastard.com\\\/de\\\/campingplatz-suedbretagne\\\/guenstiges-camping-in-der-bretagne\\\/\",\"name\":\"G\u00fcnstiger Campingplatz in der S\u00fcdbretagne: Angebote und Aktionen\",\"isPartOf\":{\"@id\":\"https:\\\/\\\/www.campinglekervastard.com\\\/de\\\/#website\"},\"primaryImageOfPage\":{\"@id\":\"https:\\\/\\\/www.campinglekervastard.com\\\/de\\\/campingplatz-suedbretagne\\\/guenstiges-camping-in-der-bretagne\\\/#primaryimage\"},\"image\":{\"@id\":\"https:\\\/\\\/www.campinglekervastard.com\\\/de\\\/campingplatz-suedbretagne\\\/guenstiges-camping-in-der-bretagne\\\/#primaryimage\"},\"thumbnailUrl\":\"https:\\\/\\\/www.campinglekervastard.com\\\/wp-content\\\/uploads\\\/2021\\\/07\\\/bretagne.jpg\",\"datePublished\":\"2021-07-20T11:48:18+00:00\",\"dateModified\":\"2024-05-14T10:06:34+00:00\",\"description\":\"Der 3-Sterne-Campingplatz Le Kervastard bietet die Vermietung von Mobilheimen f\u00fcr jeden Geldbeutel. Entdecken Sie unsere Angebote zum besten Preis.\",\"breadcrumb\":{\"@id\":\"https:\\\/\\\/www.campinglekervastard.com\\\/de\\\/campingplatz-suedbretagne\\\/guenstiges-camping-in-der-bretagne\\\/#breadcrumb\"},\"inLanguage\":\"de\",\"potentialAction\":[{\"@type\":\"ReadAction\",\"target\":[\"https:\\\/\\\/www.campinglekervastard.com\\\/de\\\/campingplatz-suedbretagne\\\/guenstiges-camping-in-der-bretagne\\\/\"]}]},{\"@type\":\"ImageObject\",\"inLanguage\":\"de\",\"@id\":\"https:\\\/\\\/www.campinglekervastard.com\\\/de\\\/campingplatz-suedbretagne\\\/guenstiges-camping-in-der-bretagne\\\/#primaryimage\",\"url\":\"https:\\\/\\\/www.campinglekervastard.com\\\/wp-content\\\/uploads\\\/2021\\\/07\\\/bretagne.jpg\",\"contentUrl\":\"https:\\\/\\\/www.campinglekervastard.com\\\/wp-content\\\/uploads\\\/2021\\\/07\\\/bretagne.jpg\",\"width\":1200,\"height\":700},{\"@type\":\"BreadcrumbList\",\"@id\":\"https:\\\/\\\/www.campinglekervastard.com\\\/de\\\/campingplatz-suedbretagne\\\/guenstiges-camping-in-der-bretagne\\\/#breadcrumb\",\"itemListElement\":[{\"@type\":\"ListItem\",\"position\":1,\"name\":\"Camping Finistere Sud \u00e0 Fouesnant\",\"item\":\"https:\\\/\\\/www.campinglekervastard.com\\\/de\\\/\"},{\"@type\":\"ListItem\",\"position\":2,\"name\":\"G\u00fcnstiger Campingplatz in der Bretagne\"}]},{\"@type\":\"WebSite\",\"@id\":\"https:\\\/\\\/www.campinglekervastard.com\\\/de\\\/#website\",\"url\":\"https:\\\/\\\/www.campinglekervastard.com\\\/de\\\/\",\"name\":\"Camping le Kervastard\",\"description\":\"\",\"potentialAction\":[{\"@type\":\"SearchAction\",\"target\":{\"@type\":\"EntryPoint\",\"urlTemplate\":\"https:\\\/\\\/www.campinglekervastard.com\\\/de\\\/?s={search_term_string}\"},\"query-input\":{\"@type\":\"PropertyValueSpecification\",\"valueRequired\":true,\"valueName\":\"search_term_string\"}}],\"inLanguage\":\"de\"}]}<\/script>\n<!-- \/ Yoast SEO plugin. -->","yoast_head_json":{"title":"G\u00fcnstiger Campingplatz in der S\u00fcdbretagne: Angebote und Aktionen","description":"Der 3-Sterne-Campingplatz Le Kervastard bietet die Vermietung von Mobilheimen f\u00fcr jeden Geldbeutel. Entdecken Sie unsere Angebote zum besten Preis.","robots":{"index":"index","follow":"follow","max-snippet":"max-snippet:-1","max-image-preview":"max-image-preview:large","max-video-preview":"max-video-preview:-1"},"canonical":"https:\/\/www.campinglekervastard.com\/de\/campingplatz-suedbretagne\/guenstiges-camping-in-der-bretagne\/","og_locale":"de_DE","og_type":"article","og_title":"G\u00fcnstiger Campingplatz in der S\u00fcdbretagne: Angebote und Aktionen","og_description":"Der 3-Sterne-Campingplatz Le Kervastard bietet die Vermietung von Mobilheimen f\u00fcr jeden Geldbeutel. Entdecken Sie unsere Angebote zum besten Preis.","og_url":"https:\/\/www.campinglekervastard.com\/de\/campingplatz-suedbretagne\/guenstiges-camping-in-der-bretagne\/","og_site_name":"Camping le Kervastard","article_modified_time":"2024-05-14T10:06:34+00:00","og_image":[{"width":1200,"height":700,"url":"https:\/\/www.campinglekervastard.com\/wp-content\/uploads\/2021\/07\/bretagne.jpg","type":"image\/jpeg"}],"twitter_card":"summary_large_image","twitter_misc":{"Gesch\u00e4tzte Lesezeit":"1\u00a0Minute"},"schema":{"@context":"https:\/\/schema.org","@graph":[{"@type":"WebPage","@id":"https:\/\/www.campinglekervastard.com\/de\/campingplatz-suedbretagne\/guenstiges-camping-in-der-bretagne\/","url":"https:\/\/www.campinglekervastard.com\/de\/campingplatz-suedbretagne\/guenstiges-camping-in-der-bretagne\/","name":"G\u00fcnstiger Campingplatz in der S\u00fcdbretagne: Angebote und Aktionen","isPartOf":{"@id":"https:\/\/www.campinglekervastard.com\/de\/#website"},"primaryImageOfPage":{"@id":"https:\/\/www.campinglekervastard.com\/de\/campingplatz-suedbretagne\/guenstiges-camping-in-der-bretagne\/#primaryimage"},"image":{"@id":"https:\/\/www.campinglekervastard.com\/de\/campingplatz-suedbretagne\/guenstiges-camping-in-der-bretagne\/#primaryimage"},"thumbnailUrl":"https:\/\/www.campinglekervastard.com\/wp-content\/uploads\/2021\/07\/bretagne.jpg","datePublished":"2021-07-20T11:48:18+00:00","dateModified":"2024-05-14T10:06:34+00:00","description":"Der 3-Sterne-Campingplatz Le Kervastard bietet die Vermietung von Mobilheimen f\u00fcr jeden Geldbeutel. Entdecken Sie unsere Angebote zum besten Preis.","breadcrumb":{"@id":"https:\/\/www.campinglekervastard.com\/de\/campingplatz-suedbretagne\/guenstiges-camping-in-der-bretagne\/#breadcrumb"},"inLanguage":"de","potentialAction":[{"@type":"ReadAction","target":["https:\/\/www.campinglekervastard.com\/de\/campingplatz-suedbretagne\/guenstiges-camping-in-der-bretagne\/"]}]},{"@type":"ImageObject","inLanguage":"de","@id":"https:\/\/www.campinglekervastard.com\/de\/campingplatz-suedbretagne\/guenstiges-camping-in-der-bretagne\/#primaryimage","url":"https:\/\/www.campinglekervastard.com\/wp-content\/uploads\/2021\/07\/bretagne.jpg","contentUrl":"https:\/\/www.campinglekervastard.com\/wp-content\/uploads\/2021\/07\/bretagne.jpg","width":1200,"height":700},{"@type":"BreadcrumbList","@id":"https:\/\/www.campinglekervastard.com\/de\/campingplatz-suedbretagne\/guenstiges-camping-in-der-bretagne\/#breadcrumb","itemListElement":[{"@type":"ListItem","position":1,"name":"Camping Finistere Sud \u00e0 Fouesnant","item":"https:\/\/www.campinglekervastard.com\/de\/"},{"@type":"ListItem","position":2,"name":"G\u00fcnstiger Campingplatz in der Bretagne"}]},{"@type":"WebSite","@id":"https:\/\/www.campinglekervastard.com\/de\/#website","url":"https:\/\/www.campinglekervastard.com\/de\/","name":"Camping le Kervastard","description":"","potentialAction":[{"@type":"SearchAction","target":{"@type":"EntryPoint","urlTemplate":"https:\/\/www.campinglekervastard.com\/de\/?s={search_term_string}"},"query-input":{"@type":"PropertyValueSpecification","valueRequired":true,"valueName":"search_term_string"}}],"inLanguage":"de"}]}},"_links":{"self":[{"href":"https:\/\/www.campinglekervastard.com\/de\/wp-json\/wp\/v2\/pages\/6142","targetHints":{"allow":["GET"]}}],"collection":[{"href":"https:\/\/www.campinglekervastard.com\/de\/wp-json\/wp\/v2\/pages"}],"about":[{"href":"https:\/\/www.campinglekervastard.com\/de\/wp-json\/wp\/v2\/types\/page"}],"author":[{"embeddable":true,"href":"https:\/\/www.campinglekervastard.com\/de\/wp-json\/wp\/v2\/users\/4"}],"replies":[{"embeddable":true,"href":"https:\/\/www.campinglekervastard.com\/de\/wp-json\/wp\/v2\/comments?post=6142"}],"version-history":[{"count":2,"href":"https:\/\/www.campinglekervastard.com\/de\/wp-json\/wp\/v2\/pages\/6142\/revisions"}],"predecessor-version":[{"id":6145,"href":"https:\/\/www.campinglekervastard.com\/de\/wp-json\/wp\/v2\/pages\/6142\/revisions\/6145"}],"up":[{"embeddable":true,"href":"https:\/\/www.campinglekervastard.com\/de\/wp-json\/wp\/v2\/pages\/6154"}],"wp:featuredmedia":[{"embeddable":true,"href":"https:\/\/www.campinglekervastard.com\/de\/wp-json\/wp\/v2\/media\/4681"}],"wp:attachment":[{"href":"https:\/\/www.campinglekervastard.com\/de\/wp-json\/wp\/v2\/media?parent=6142"}],"curies":[{"name":"wp","href":"https:\/\/api.w.org\/{rel}","templated":true}]}}