{"id":6111,"date":"2021-03-26T15:37:14","date_gmt":"2021-03-26T14:37:14","guid":{"rendered":"https:\/\/www.campinglekervastard.com\/vente-de-mobil-home\/"},"modified":"2025-05-14T09:16:20","modified_gmt":"2025-05-14T07:16:20","slug":"mobilheimverkauf","status":"publish","type":"page","link":"https:\/\/www.campinglekervastard.com\/de\/mobilheimverkauf\/","title":{"rendered":"WERDEN SIE EIGENT\u00dcMER"},"content":{"rendered":"<div class=\"bloc-texte full\"><div class=\"texte center\"><p>Der <a href=\"\/de\/\">Wohncampingplatz Le Kervastard<\/a> ist vom 1. Februar bis 30. November 2024 f\u00fcr Bewohner ge\u00f6ffnet.<\/p>\n<p>Unser Campingplatz in Fouesnant erstreckt sich \u00fcber 2 Hektar im Herzen der Halbinsel Beg-Meil, nur einen Steinwurf vom Hafen von Fouesnant-les-Gl\u00e9nan, dem herrlichen Strand von Oiseaux und den herrlichen wilden Buchten des s\u00fcdlichen Finist\u00e8re entfernt. Ruhig, freundlich, mit hochwertigen Dienstleistungen und einem beheizten Innenpool ausgestattet, ist Le Kervastard der ideale Urlaubsort f\u00fcr einen Aufenthalt mit der Familie, zum Entspannen mit Freunden und zum Genie\u00dfen der sanften Lebensart des Landes f\u00fcr 10 Monate im Jahr.<\/p>\n<p>Ben\u00f6tigen Sie zus\u00e4tzliche Informationen? Z\u00f6gern Sie nicht, unsere Ratschl\u00e4ge zum Kauf eines Mobilheims zu lesen<\/p>\n<\/div><\/div>\n\n<div class=\"frame\"><div class=\"texte center\">\r\n\t<div class=\"cards\">\r\n\t\t<div class=\"card\">\r\n\t\t\t<img decoding=\"async\" src=\"\/wp-content\/uploads\/2024\/04\/ouverture.png\" alt=\"ouverture camping propri\u00e9taires\">\r\n\t\t\t<p>\u00d6ffnungszeiten f\u00fcr Eigent\u00fcmer:<br\/>01.02. bis 30.11<\/p>\r\n\t\t<\/div>\r\n\t\t<div class=\"card\">\r\n\t\t\t<img decoding=\"async\" src=\"\/wp-content\/uploads\/2024\/04\/mobil-homes.png\" alt=\"achat mobil home occasion\">\r\n\t\t\t<p>Ihr Mobilheim f\u00fcr 33.000 \u20ac<br\/><i>(letzte Verf\u00fcgbarkeit)<\/i><\/p>\r\n\t\t<\/div>\r\n\t\t<div class=\"card\">\r\n\t\t\t<img decoding=\"async\" src=\"\/wp-content\/uploads\/2024\/04\/location.png\" alt=\"location emplacement mobil home\">\r\n\t\t\t<p>J\u00e4hrliche Miete des Standorts<br\/><i>f\u00fcr 3.840 \u20ac\/Jahr<\/i><\/p>\r\n\t\t<\/div>\r\n\t<\/div>\r\n<\/div><\/div>\n\n<div class=\"boutons-row\"><a class=\"bouton\" href=\"#form-vente\">Fordern Sie Ihr Angebot an!<\/a><\/div>\n\n<div class=\"text-image-new style1 image-left\"><div class=\"text-image-new-colonne\"><H2 class=\"text-image-new-titre\">Unsere Marken von Mobilheimen zum Verkauf im Finist\u00e8re<\/H2><div class=\"text-image-new-content\"><p>Der Campingplatz Le Kervastard empf\u00e4ngt Sie in einer bezaubernden Umgebung, die zum Entspannen und Abwechslung einl\u00e4dt. Das 2 Hektar gro\u00dfe Anwesen liegt besonders nahe am Strand von Oiseaux und wilden Buchten, wo Familien, Paare und Gruppen von Freunden angenehme Momente verbringen.<\/p>\n<p>Kurz gesagt, die Umgebung ist idyllisch. Und Sie k\u00f6nnen es genie\u00dfen, wann immer Sie wollen, indem Sie Eigent\u00fcmer eines der Mobilheime werden.<\/p>\n<p>Ihnen stehen mehrere M\u00f6glichkeiten zur Verf\u00fcgung. Im IRM-Sortiment haben Sie die Wahl zwischen den Modellen Azal\u00e9e und Magnolia. Hinzu kommt das Modell Grand Large 2 der Marke Louisiana.<\/p>\n<\/div><\/div><div class=\"text-image-new-colonne\"><img decoding=\"async\" src=\"https:\/\/www.campinglekervastard.com\/wp-content\/uploads\/2021\/07\/mobil-home-taos-2.jpg\" alt=\"Werden Sie Eigent\u00fcmer eines Mobilheims in Finist\u00e8re\" class=\"text-image-new-thumb\" \/><\/div><\/div>\n\n<div class=\"text-image-new style1 image-right background-marron\"><div class=\"text-image-new-colonne\"><H2 class=\"text-image-new-titre\">Warum ein Mobilheim in S\u00fcd-Finist\u00e8re kaufen?<\/H2><div class=\"text-image-new-content\"><p>Durch den Kauf eines Mobilheims erhalten Sie ein sch\u00f6nes Feriendomizil in einer gesunden Umgebung, in dem Sie Wochenenden oder erholsame Ferien mit Familie oder Freunden genie\u00dfen k\u00f6nnen. Als Eigent\u00fcmer der Unterkunft k\u00f6nnen Sie es sich jetzt leisten, flexible Termine zu planen oder sogar in letzter Minute abzureisen.<\/p>\n<p>W\u00e4hrend Ihres Aufenthaltes haben Sie selbstverst\u00e4ndlich Zugang zu den verschiedenen Aktivit\u00e4ten und Einrichtungen des Campingplatzes, vom Schwimmbad \u00fcber den Kinderspielbereich mit Spielzimmer bis hin zum Bouleplatz und der Tischtennisplatte.<\/p>\n<p>Das andere Argument, das f\u00fcr den Kauf eines Mobilheims in S\u00fcd-Finist\u00e8re spricht, ist finanzieller Natur. Die mobile Residenz empf\u00e4ngt Sie zwar in einer wundersch\u00f6nen Umgebung am Meer, bleibt aber im Vergleich zu einem klassischen Landhaus deutlich zug\u00e4nglich. Besser noch: Sie k\u00f6nnen Ihr Ferienhaus in allen Monaten, in denen Sie nicht vor Ort sind, vermieten.<\/p>\n<\/div><\/div><div class=\"text-image-new-colonne\"><img decoding=\"async\" src=\"https:\/\/www.campinglekervastard.com\/wp-content\/uploads\/2021\/07\/mobil-home-taos.jpg\" alt=\"\" class=\"text-image-new-thumb\" \/><\/div><\/div>\n\n<div class=\"liste-de-page-home\"><h2 class=\"liste-de-page-home-titre\">Wohnmobil kaufen: der Ratgeber<\/h2><ul class=\"liste-de-page-articles\"><li><a href=\"https:\/\/www.campinglekervastard.com\/de\/nachricht\/apfelweinhaus-fouesnant\/\"><div class=\"cta-img\"><img decoding=\"async\" src=\"https:\/\/www.campinglekervastard.com\/wp-content\/uploads\/2023\/09\/cidrerie-fouesnant.jpg\" alt=\"\"><\/div><div class=\"cta-titre\">Wo kann man in Fouesnant ein Apfelweinhaus besuchen?<\/div><\/a><\/li><li><a href=\"https:\/\/www.campinglekervastard.com\/de\/nachricht\/wandern-fouesnant\/\"><div class=\"cta-img\"><img decoding=\"async\" src=\"https:\/\/www.campinglekervastard.com\/wp-content\/uploads\/2023\/09\/randonnee-fouesnant.jpg\" alt=\"\"><\/div><div class=\"cta-titre\">Die 3 besten Wanderungen in Fouesnant<\/div><\/a><\/li><li><a href=\"https:\/\/www.campinglekervastard.com\/de\/nachricht\/betteln-meil-fousnant\/\"><div class=\"cta-img\"><img decoding=\"async\" src=\"https:\/\/www.campinglekervastard.com\/wp-content\/uploads\/2023\/09\/beg-meil-fouesnant.jpg\" alt=\"\"><\/div><div class=\"cta-titre\">Beg Meil \u200b\u200b\u200b\u200bin Fouesnant<\/div><\/a><\/li><li><a href=\"https:\/\/www.campinglekervastard.com\/de\/nachricht\/was-gibt-es-in-der-umgebung-von-fouesnant-zu-sehen\/\"><div class=\"cta-img\"><img decoding=\"async\" src=\"https:\/\/www.campinglekervastard.com\/wp-content\/uploads\/2022\/04\/BLOG1-scaled.jpg\" alt=\"\"><\/div><div class=\"cta-titre\">Was gibt es in Fouesnant zu sehen?<\/div><\/a><\/li><\/ul><\/div>\n\n<div class=\"pt-5 pb-1\"><div class=\"titre-block\"><h2 class=\"titre center\">Werden Sie Eigent\u00fcmer Ihres Mobilheims!<\/h2><\/div><\/div>\n\n<div class=\"section-contact pb-5\"><div class=\"contact-left\"><div class=\"formulaire-de-contact\"><p class=\"h3\">Kontaktiere uns!<\/p>\n<div class=\"wpcf7 no-js\" id=\"wpcf7-f6229-o1\" lang=\"de-DE\" dir=\"ltr\" data-wpcf7-id=\"6229\">\n<div class=\"screen-reader-response\"><p role=\"status\" aria-live=\"polite\" aria-atomic=\"true\"><\/p> <ul><\/ul><\/div>\n<form action=\"\/de\/wp-json\/wp\/v2\/pages\/6111#wpcf7-f6229-o1\" method=\"post\" class=\"wpcf7-form init\" aria-label=\"Kontaktformular\" novalidate=\"novalidate\" data-status=\"init\">\n<fieldset class=\"hidden-fields-container\"><input type=\"hidden\" name=\"_wpcf7\" value=\"6229\" \/><input type=\"hidden\" name=\"_wpcf7_version\" value=\"6.1.5\" \/><input type=\"hidden\" name=\"_wpcf7_locale\" value=\"de_DE\" \/><input type=\"hidden\" name=\"_wpcf7_unit_tag\" value=\"wpcf7-f6229-o1\" \/><input type=\"hidden\" name=\"_wpcf7_container_post\" value=\"0\" \/><input type=\"hidden\" name=\"_wpcf7_posted_data_hash\" value=\"\" \/><input type=\"hidden\" name=\"_wpcf7_recaptcha_response\" value=\"\" \/>\n<\/fieldset>\n<div id=\"form-vente\">\n<\/div>\n<p><span class=\"wpcf7-form-control-wrap\" data-name=\"your-name\"><input size=\"40\" maxlength=\"400\" class=\"wpcf7-form-control wpcf7-text wpcf7-validates-as-required\" aria-required=\"true\" aria-invalid=\"false\" placeholder=\"Ihr Name\" value=\"\" type=\"text\" name=\"your-name\" \/><\/span><span class=\"wpcf7-form-control-wrap\" data-name=\"your-email\"><input size=\"40\" maxlength=\"400\" class=\"wpcf7-form-control wpcf7-email wpcf7-validates-as-required wpcf7-text wpcf7-validates-as-email\" aria-required=\"true\" aria-invalid=\"false\" placeholder=\"Deine E-Mail\" value=\"\" type=\"email\" name=\"your-email\" \/><\/span><span class=\"wpcf7-form-control-wrap\" data-name=\"your-phone\"><input size=\"40\" maxlength=\"400\" class=\"wpcf7-form-control wpcf7-text wpcf7-validates-as-required\" aria-required=\"true\" aria-invalid=\"false\" placeholder=\"Dein Telefon\" value=\"\" type=\"text\" name=\"your-phone\" \/><\/span><span class=\"wpcf7-form-control-wrap\" data-name=\"code-postal\"><input size=\"40\" maxlength=\"400\" class=\"wpcf7-form-control wpcf7-text wpcf7-validates-as-required\" aria-required=\"true\" aria-invalid=\"false\" placeholder=\"Ihre Postleitzahl...\" value=\"\" type=\"text\" name=\"code-postal\" \/><\/span><span class=\"wpcf7-form-control-wrap\" data-name=\"your-message\"><textarea cols=\"40\" rows=\"10\" maxlength=\"2000\" class=\"wpcf7-form-control wpcf7-textarea\" aria-invalid=\"false\" placeholder=\"Ihre Nachricht (Z\u00f6gern Sie nicht, uns Ihr Budget und Ihre W\u00fcnsche mitzuteilen, um Sie bestm\u00f6glich beraten zu k\u00f6nnen)\" name=\"your-message\"><\/textarea><\/span><span class=\"wpcf7-form-control-wrap\" data-name=\"acceptance-553\"><span class=\"wpcf7-form-control wpcf7-acceptance\"><span class=\"wpcf7-list-item\"><label><input type=\"checkbox\" name=\"acceptance-553\" value=\"1\" aria-invalid=\"false\" \/><span class=\"wpcf7-list-item-label\">Mit dem Absenden dieses Formulars akzeptiere ich, dass die eingegebenen Informationen gespeichert werden, um eine Kontaktaufnahme oder kommerzielle Informationen zu erm\u00f6glichen. Ich akzeptiere die <a href=\"\/de\/datenschutzrichtlinie\/\" rel=\"nofollow\" target=\"_blank\">Datenschutzerkl\u00e4rung<\/a> dieser Website.<\/span><\/label><\/span><\/span><\/span>\n<span class=\"wpcf7-form-control-wrap recaptcha\" data-name=\"recaptcha\"><span data-sitekey=\"6LdXeLYaAAAAADl_8iVwbosIvx_4PXq-X8gmzSjT\" class=\"wpcf7-form-control wpcf7-recaptcha g-recaptcha\"><\/span>\r\n<noscript>\r\n\t<div class=\"grecaptcha-noscript\">\r\n\t\t<iframe loading=\"lazy\" src=\"https:\/\/www.google.com\/recaptcha\/api\/fallback?k=6LdXeLYaAAAAADl_8iVwbosIvx_4PXq-X8gmzSjT\" frameborder=\"0\" scrolling=\"no\" width=\"310\" height=\"430\">\r\n\t\t<\/iframe>\r\n\t\t<textarea name=\"g-recaptcha-response\" rows=\"3\" cols=\"40\" placeholder=\"reCaptcha Response Here\">\r\n\t\t<\/textarea>\r\n\t<\/div>\r\n<\/noscript>\r\n<\/span><input class=\"wpcf7-form-control wpcf7-submit has-spinner\" type=\"submit\" value=\"Senden\" \/>\n<\/p><div class=\"wpcf7-response-output\" aria-hidden=\"true\"><\/div>\n<\/form>\n<\/div>\n<\/div><\/div><div class=\"contact-right\"><div class=\"coord-col\"><p class=\"h4\">Unsere Kontaktdaten<\/p><span class=\"coord-line\"><div class=\"icon\"><svg width=\"22\" height=\"28\" viewBox=\"0 0 15 21\" fill=\"none\" xmlns=\"http:\/\/www.w3.org\/2000\/svg\"><path d=\"M6.5 9.04883C7.10156 9.04883 7.61426 8.83691 8.03809 8.41309C8.46191 7.98926 8.67383 7.47656 8.67383 6.875C8.67383 6.27344 8.46191 5.76074 8.03809 5.33691C7.61426 4.91309 7.10156 4.70117 6.5 4.70117C5.89844 4.70117 5.38574 4.91309 4.96191 5.33691C4.53809 5.76074 4.32617 6.27344 4.32617 6.875C4.32617 7.47656 4.53809 7.98926 4.96191 8.41309C5.38574 8.83691 5.89844 9.04883 6.5 9.04883ZM6.5 0.763672C8.19531 0.763672 9.6377 1.3584 10.8271 2.54785C12.0166 3.7373 12.6113 5.17969 12.6113 6.875C12.6113 7.72266 12.3994 8.69336 11.9756 9.78711C11.5518 10.8809 11.0391 11.9062 10.4375 12.8633C9.83594 13.8203 9.24121 14.7158 8.65332 15.5498C8.06543 16.3838 7.56641 17.0469 7.15625 17.5391L6.5 18.2363C6.33594 18.0449 6.11719 17.792 5.84375 17.4775C5.57031 17.1631 5.07812 16.5342 4.36719 15.5908C3.65625 14.6475 3.03418 13.7314 2.50098 12.8428C1.96777 11.9541 1.48242 10.9492 1.04492 9.82812C0.607422 8.70703 0.388672 7.72266 0.388672 6.875C0.388672 5.17969 0.983398 3.7373 2.17285 2.54785C3.3623 1.3584 4.80469 0.763672 6.5 0.763672Z\" fill=\"#F76D00\"\/><\/svg><\/div>56 Chemin de Kervastard, 29170 Fouesnant<\/span><span class=\"coord-line\"><div class=\"icon\"><svg width=\"25\" height=\"22\" viewBox=\"0 0 20 17\" fill=\"none\" xmlns=\"http:\/\/www.w3.org\/2000\/svg\"><path d=\"M3.91016 7.70012C5.53516 10.2398 7.92188 12.165 11.0703 13.4758L13.457 11.5506C13.7956 11.2775 14.168 11.2092 14.5742 11.3458C15.793 11.6735 17.0794 11.8373 18.4336 11.8373C18.7383 11.8373 18.9922 11.9192 19.1953 12.0831C19.3984 12.2469 19.5 12.4517 19.5 12.6975V15.7697C19.5 16.0154 19.3984 16.2203 19.1953 16.3841C18.9922 16.548 18.7383 16.6299 18.4336 16.6299C13.3555 16.6299 9.01367 15.1757 5.4082 12.2674C1.80273 9.35909 0 5.85682 0 1.7606C0 1.51482 0.101562 1.31001 0.304688 1.14616C0.507812 0.982315 0.761719 0.900391 1.06641 0.900391H4.875C5.17969 0.900391 5.43359 0.982315 5.63672 1.14616C5.83984 1.31001 5.94141 1.51482 5.94141 1.7606C5.94141 2.85292 6.14453 3.89063 6.55078 4.87373C6.6862 5.22873 6.60156 5.52912 6.29688 5.77489L3.91016 7.70012Z\" fill=\"#F76D00\"\/><\/svg><\/div><a href=\"tel:+33298949152\">02 98 94 91 52<\/a><\/span><\/div><div class=\"coord-col\"><p class=\"h4\">Er\u00f6ffnungstermine<\/p><span class=\"coord-line\"><div class=\"icon\"><svg width=\"22\" height=\"22\" viewBox=\"0 0 19 19\" fill=\"none\" xmlns=\"http:\/\/www.w3.org\/2000\/svg\"><path d=\"M9.95117 5.11133V9.70508L13.8887 12.043L13.2324 13.1504L8.63867 10.3613V5.11133H9.95117ZM9.5 16.5137C11.4141 16.5137 13.0615 15.8232 14.4424 14.4424C15.8232 13.0615 16.5137 11.4141 16.5137 9.5C16.5137 7.58594 15.8232 5.93848 14.4424 4.55762C13.0615 3.17676 11.4141 2.48633 9.5 2.48633C7.58594 2.48633 5.93848 3.17676 4.55762 4.55762C3.17676 5.93848 2.48633 7.58594 2.48633 9.5C2.48633 11.4141 3.17676 13.0615 4.55762 14.4424C5.93848 15.8232 7.58594 16.5137 9.5 16.5137ZM9.5 0.763672C11.9062 0.763672 13.9639 1.61816 15.6729 3.32715C17.3818 5.03613 18.2363 7.09375 18.2363 9.5C18.2363 11.9062 17.3818 13.9639 15.6729 15.6729C13.9639 17.3818 11.9062 18.2363 9.5 18.2363C7.09375 18.2363 5.03613 17.3818 3.32715 15.6729C1.61816 13.9639 0.763672 11.9062 0.763672 9.5C0.763672 7.09375 1.61816 5.03613 3.32715 3.32715C5.03613 1.61816 7.09375 0.763672 9.5 0.763672Z\" fill=\"#F76D00\"\/><\/svg><\/div><div class=\"ouverture\">Vom 3. April 2026 bis zum 2. November 2026<\/div>\n<\/span><\/div><iframe src=\"https:\/\/www.google.com\/maps\/embed?pb=!1m18!1m12!1m3!1d11761.452123510193!2d-3.994387943210215!3d47.86038085179977!2m3!1f0!2f0!3f0!3m2!1i1024!2i768!4f13.1!3m3!1m2!1s0x4810d0f94f6be4d5%3A0xc9b7dda7a56d71f2!2sCamping%20Le%20Kervastard%20-%20Nature%20et%20R%C3%A9sidence%20Loisirs!5e0!3m2!1sfr!2sfr!4v1655891356375!5m2!1sfr!2sfr\" width=\"100%\" height=\"380\" style=\"border:0;\" allowfullscreen=\"\" loading=\"lazy\" referrerpolicy=\"no-referrer-when-downgrade\"><\/iframe><\/div><\/div>","protected":false},"excerpt":{"rendered":"","protected":false},"author":1,"featured_media":4889,"parent":0,"menu_order":0,"comment_status":"closed","ping_status":"closed","template":"","meta":{"_acf_changed":false,"footnotes":""},"class_list":["post-6111","page","type-page","status-publish","has-post-thumbnail","hentry"],"acf":[],"yoast_head":"<!-- This site is optimized with the Yoast SEO plugin v27.3 - https:\/\/yoast.com\/product\/yoast-seo-wordpress\/ -->\n<title>Mobilheim Finist\u00e8re kaufen: Mobilheime zum Verkauf in Finist\u00e8re, Bretagne<\/title>\n<meta name=\"description\" content=\"Entdecken Sie alle unsere zum Verkauf stehenden Mobilheime im S\u00fcd-Finist\u00e8re in Fouesnant. In der N\u00e4he des Meeres werden Sie diesen Campingplatz lieben.\" \/>\n<meta name=\"robots\" content=\"index, follow, max-snippet:-1, max-image-preview:large, max-video-preview:-1\" \/>\n<link rel=\"canonical\" href=\"https:\/\/www.campinglekervastard.com\/de\/mobilheimverkauf\/\" \/>\n<meta property=\"og:locale\" content=\"de_DE\" \/>\n<meta property=\"og:type\" content=\"article\" \/>\n<meta property=\"og:title\" content=\"Mobilheim Finist\u00e8re kaufen: Mobilheime zum Verkauf in Finist\u00e8re, Bretagne\" \/>\n<meta property=\"og:description\" content=\"Entdecken Sie alle unsere zum Verkauf stehenden Mobilheime im S\u00fcd-Finist\u00e8re in Fouesnant. In der N\u00e4he des Meeres werden Sie diesen Campingplatz lieben.\" \/>\n<meta property=\"og:url\" content=\"https:\/\/www.campinglekervastard.com\/de\/mobilheimverkauf\/\" \/>\n<meta property=\"og:site_name\" content=\"Camping le Kervastard\" \/>\n<meta property=\"article:modified_time\" content=\"2025-05-14T07:16:20+00:00\" \/>\n<meta property=\"og:image\" content=\"https:\/\/www.campinglekervastard.com\/wp-content\/uploads\/2022\/10\/achat-mobil-home.jpeg\" \/>\n\t<meta property=\"og:image:width\" content=\"1920\" \/>\n\t<meta property=\"og:image:height\" content=\"1450\" \/>\n\t<meta property=\"og:image:type\" content=\"image\/jpeg\" \/>\n<meta name=\"twitter:card\" content=\"summary_large_image\" \/>\n<meta name=\"twitter:label1\" content=\"Gesch\u00e4tzte Lesezeit\" \/>\n\t<meta name=\"twitter:data1\" content=\"1\u00a0Minute\" \/>\n<script type=\"application\/ld+json\" class=\"yoast-schema-graph\">{\"@context\":\"https:\\\/\\\/schema.org\",\"@graph\":[{\"@type\":\"WebPage\",\"@id\":\"https:\\\/\\\/www.campinglekervastard.com\\\/de\\\/mobilheimverkauf\\\/\",\"url\":\"https:\\\/\\\/www.campinglekervastard.com\\\/de\\\/mobilheimverkauf\\\/\",\"name\":\"Mobilheim Finist\u00e8re kaufen: Mobilheime zum Verkauf in Finist\u00e8re, Bretagne\",\"isPartOf\":{\"@id\":\"https:\\\/\\\/www.campinglekervastard.com\\\/de\\\/#website\"},\"primaryImageOfPage\":{\"@id\":\"https:\\\/\\\/www.campinglekervastard.com\\\/de\\\/mobilheimverkauf\\\/#primaryimage\"},\"image\":{\"@id\":\"https:\\\/\\\/www.campinglekervastard.com\\\/de\\\/mobilheimverkauf\\\/#primaryimage\"},\"thumbnailUrl\":\"https:\\\/\\\/www.campinglekervastard.com\\\/wp-content\\\/uploads\\\/2022\\\/10\\\/achat-mobil-home.jpeg\",\"datePublished\":\"2021-03-26T14:37:14+00:00\",\"dateModified\":\"2025-05-14T07:16:20+00:00\",\"description\":\"Entdecken Sie alle unsere zum Verkauf stehenden Mobilheime im S\u00fcd-Finist\u00e8re in Fouesnant. In der N\u00e4he des Meeres werden Sie diesen Campingplatz lieben.\",\"breadcrumb\":{\"@id\":\"https:\\\/\\\/www.campinglekervastard.com\\\/de\\\/mobilheimverkauf\\\/#breadcrumb\"},\"inLanguage\":\"de\",\"potentialAction\":[{\"@type\":\"ReadAction\",\"target\":[\"https:\\\/\\\/www.campinglekervastard.com\\\/de\\\/mobilheimverkauf\\\/\"]}]},{\"@type\":\"ImageObject\",\"inLanguage\":\"de\",\"@id\":\"https:\\\/\\\/www.campinglekervastard.com\\\/de\\\/mobilheimverkauf\\\/#primaryimage\",\"url\":\"https:\\\/\\\/www.campinglekervastard.com\\\/wp-content\\\/uploads\\\/2022\\\/10\\\/achat-mobil-home.jpeg\",\"contentUrl\":\"https:\\\/\\\/www.campinglekervastard.com\\\/wp-content\\\/uploads\\\/2022\\\/10\\\/achat-mobil-home.jpeg\",\"width\":\"1920\",\"height\":\"1450\"},{\"@type\":\"BreadcrumbList\",\"@id\":\"https:\\\/\\\/www.campinglekervastard.com\\\/de\\\/mobilheimverkauf\\\/#breadcrumb\",\"itemListElement\":[{\"@type\":\"ListItem\",\"position\":1,\"name\":\"Camping Finistere Sud \u00e0 Fouesnant\",\"item\":\"https:\\\/\\\/www.campinglekervastard.com\\\/de\\\/\"},{\"@type\":\"ListItem\",\"position\":2,\"name\":\"Verkauf von Mobilheimen im Finist\u00e8re\"}]},{\"@type\":\"WebSite\",\"@id\":\"https:\\\/\\\/www.campinglekervastard.com\\\/de\\\/#website\",\"url\":\"https:\\\/\\\/www.campinglekervastard.com\\\/de\\\/\",\"name\":\"Camping le Kervastard\",\"description\":\"\",\"potentialAction\":[{\"@type\":\"SearchAction\",\"target\":{\"@type\":\"EntryPoint\",\"urlTemplate\":\"https:\\\/\\\/www.campinglekervastard.com\\\/de\\\/?s={search_term_string}\"},\"query-input\":{\"@type\":\"PropertyValueSpecification\",\"valueRequired\":true,\"valueName\":\"search_term_string\"}}],\"inLanguage\":\"de\"}]}<\/script>\n<!-- \/ Yoast SEO plugin. -->","yoast_head_json":{"title":"Mobilheim Finist\u00e8re kaufen: Mobilheime zum Verkauf in Finist\u00e8re, Bretagne","description":"Entdecken Sie alle unsere zum Verkauf stehenden Mobilheime im S\u00fcd-Finist\u00e8re in Fouesnant. In der N\u00e4he des Meeres werden Sie diesen Campingplatz lieben.","robots":{"index":"index","follow":"follow","max-snippet":"max-snippet:-1","max-image-preview":"max-image-preview:large","max-video-preview":"max-video-preview:-1"},"canonical":"https:\/\/www.campinglekervastard.com\/de\/mobilheimverkauf\/","og_locale":"de_DE","og_type":"article","og_title":"Mobilheim Finist\u00e8re kaufen: Mobilheime zum Verkauf in Finist\u00e8re, Bretagne","og_description":"Entdecken Sie alle unsere zum Verkauf stehenden Mobilheime im S\u00fcd-Finist\u00e8re in Fouesnant. In der N\u00e4he des Meeres werden Sie diesen Campingplatz lieben.","og_url":"https:\/\/www.campinglekervastard.com\/de\/mobilheimverkauf\/","og_site_name":"Camping le Kervastard","article_modified_time":"2025-05-14T07:16:20+00:00","og_image":[{"width":1920,"height":1450,"url":"https:\/\/www.campinglekervastard.com\/wp-content\/uploads\/2022\/10\/achat-mobil-home.jpeg","type":"image\/jpeg"}],"twitter_card":"summary_large_image","twitter_misc":{"Gesch\u00e4tzte Lesezeit":"1\u00a0Minute"},"schema":{"@context":"https:\/\/schema.org","@graph":[{"@type":"WebPage","@id":"https:\/\/www.campinglekervastard.com\/de\/mobilheimverkauf\/","url":"https:\/\/www.campinglekervastard.com\/de\/mobilheimverkauf\/","name":"Mobilheim Finist\u00e8re kaufen: Mobilheime zum Verkauf in Finist\u00e8re, Bretagne","isPartOf":{"@id":"https:\/\/www.campinglekervastard.com\/de\/#website"},"primaryImageOfPage":{"@id":"https:\/\/www.campinglekervastard.com\/de\/mobilheimverkauf\/#primaryimage"},"image":{"@id":"https:\/\/www.campinglekervastard.com\/de\/mobilheimverkauf\/#primaryimage"},"thumbnailUrl":"https:\/\/www.campinglekervastard.com\/wp-content\/uploads\/2022\/10\/achat-mobil-home.jpeg","datePublished":"2021-03-26T14:37:14+00:00","dateModified":"2025-05-14T07:16:20+00:00","description":"Entdecken Sie alle unsere zum Verkauf stehenden Mobilheime im S\u00fcd-Finist\u00e8re in Fouesnant. In der N\u00e4he des Meeres werden Sie diesen Campingplatz lieben.","breadcrumb":{"@id":"https:\/\/www.campinglekervastard.com\/de\/mobilheimverkauf\/#breadcrumb"},"inLanguage":"de","potentialAction":[{"@type":"ReadAction","target":["https:\/\/www.campinglekervastard.com\/de\/mobilheimverkauf\/"]}]},{"@type":"ImageObject","inLanguage":"de","@id":"https:\/\/www.campinglekervastard.com\/de\/mobilheimverkauf\/#primaryimage","url":"https:\/\/www.campinglekervastard.com\/wp-content\/uploads\/2022\/10\/achat-mobil-home.jpeg","contentUrl":"https:\/\/www.campinglekervastard.com\/wp-content\/uploads\/2022\/10\/achat-mobil-home.jpeg","width":"1920","height":"1450"},{"@type":"BreadcrumbList","@id":"https:\/\/www.campinglekervastard.com\/de\/mobilheimverkauf\/#breadcrumb","itemListElement":[{"@type":"ListItem","position":1,"name":"Camping Finistere Sud \u00e0 Fouesnant","item":"https:\/\/www.campinglekervastard.com\/de\/"},{"@type":"ListItem","position":2,"name":"Verkauf von Mobilheimen im Finist\u00e8re"}]},{"@type":"WebSite","@id":"https:\/\/www.campinglekervastard.com\/de\/#website","url":"https:\/\/www.campinglekervastard.com\/de\/","name":"Camping le Kervastard","description":"","potentialAction":[{"@type":"SearchAction","target":{"@type":"EntryPoint","urlTemplate":"https:\/\/www.campinglekervastard.com\/de\/?s={search_term_string}"},"query-input":{"@type":"PropertyValueSpecification","valueRequired":true,"valueName":"search_term_string"}}],"inLanguage":"de"}]}},"_links":{"self":[{"href":"https:\/\/www.campinglekervastard.com\/de\/wp-json\/wp\/v2\/pages\/6111","targetHints":{"allow":["GET"]}}],"collection":[{"href":"https:\/\/www.campinglekervastard.com\/de\/wp-json\/wp\/v2\/pages"}],"about":[{"href":"https:\/\/www.campinglekervastard.com\/de\/wp-json\/wp\/v2\/types\/page"}],"author":[{"embeddable":true,"href":"https:\/\/www.campinglekervastard.com\/de\/wp-json\/wp\/v2\/users\/1"}],"replies":[{"embeddable":true,"href":"https:\/\/www.campinglekervastard.com\/de\/wp-json\/wp\/v2\/comments?post=6111"}],"version-history":[{"count":8,"href":"https:\/\/www.campinglekervastard.com\/de\/wp-json\/wp\/v2\/pages\/6111\/revisions"}],"predecessor-version":[{"id":7629,"href":"https:\/\/www.campinglekervastard.com\/de\/wp-json\/wp\/v2\/pages\/6111\/revisions\/7629"}],"wp:featuredmedia":[{"embeddable":true,"href":"https:\/\/www.campinglekervastard.com\/de\/wp-json\/wp\/v2\/media\/4889"}],"wp:attachment":[{"href":"https:\/\/www.campinglekervastard.com\/de\/wp-json\/wp\/v2\/media?parent=6111"}],"curies":[{"name":"wp","href":"https:\/\/api.w.org\/{rel}","templated":true}]}}