{"id":6082,"date":"2021-03-12T11:28:11","date_gmt":"2021-03-12T10:28:11","guid":{"rendered":"https:\/\/www.campinglekervastard.com\/services\/"},"modified":"2025-04-07T16:49:26","modified_gmt":"2025-04-07T14:49:26","slug":"dienstleistungen","status":"publish","type":"page","link":"https:\/\/www.campinglekervastard.com\/de\/dienstleistungen\/","title":{"rendered":"DIENSTLEISTUNGEN"},"content":{"rendered":"<div class=\"bloc-texte full\"><div class=\"texte center\"><p>Um Ihren Aufenthalt im s\u00fcdlichen Finist\u00e8re so angenehm wie m\u00f6glich zu gestalten, bietet Ihnen der <a href=\"\/de\/\">Campingplatz Kervastard<\/a> eine ganze Reihe von Dienstleistungen.<\/p>\n<\/div><\/div>\n\n<div class=\"text-image-new style1 image-right background-marron\"><div class=\"text-image-new-colonne\"><div class=\"text-image-new-content\"><p>Die Rezeption ist t\u00e4glich von 9.00 bis 12.00 Uhr und von 15.00 bis 19.00 Uhr ge\u00f6ffnet.<br \/>\nSie erreichen uns unter 02 98 94 91 52.<\/p>\n<p>Finden Sie alle aktuellen Camping-News in den sozialen Netzwerken:<\/p>\n<ul>\n<li><a href=\"https:\/\/www.facebook.com\/campinglekervastard\">Facebook<\/a><\/li>\n<li><a href=\"https:\/\/www.instagram.com\/camping.le.kervastard\/\">Instagram\u00a0<\/a><\/li>\n<\/ul>\n<\/div><\/div><div class=\"text-image-new-colonne\"><img decoding=\"async\" src=\"https:\/\/www.campinglekervastard.com\/wp-content\/uploads\/2024\/04\/services-camping-bretagne.jpg\" alt=\"Campingdienstleistungen in der Bretagne\" class=\"text-image-new-thumb\" \/><\/div><\/div>\n\n<div class=\"text-image-new style1 image-left\"><div class=\"text-image-new-colonne\"><div class=\"text-image-new-content\"><p><strong>MEERESFR\u00dcCHTE :<\/strong><\/p>\n<p>Tr\u00e4umen Sie davon, in Ihrer Campingunterkunft eine gute Meeresfr\u00fcchteplatte zu genie\u00dfen?<br \/>\nBei Kervastard bieten wir Ihnen die M\u00f6glichkeit, es direkt an der Rezeption zu bestellen und liefern zu lassen!<\/p>\n<\/div><a class=\"bouton\" href=\"\/wp-content\/uploads\/2023\/02\/Plateau-de-fruits-de-mer_LE-KERVASTARD-2-2.pdf\" target=\"_blank\" rel=\"noopener\">Informieren Sie sich \u00fcber Preise und Fahrpl\u00e4ne<\/a><\/div><div class=\"text-image-new-colonne\"><img decoding=\"async\" src=\"https:\/\/www.campinglekervastard.com\/wp-content\/uploads\/2024\/04\/Fruits-de-mer.jpg\" alt=\"Camping-Dienstleistungen in der Bretagne\" class=\"text-image-new-thumb\" \/><\/div><\/div>\n\n<div class=\"text-image-new style1 image-right background-marron\"><div class=\"text-image-new-colonne\"><div class=\"text-image-new-content\"><p><strong>MIETEN SIE IHR FAHRRAD AN DER REZEPTION DES CAMPINGPLATZES<\/strong><\/p>\n<p>F\u00fcr einen halben Tag und bis zu 7 Tage bieten wir VTC-Verleih f\u00fcr Erwachsene und Kinder sowie bei Bedarf einen Zuschlag f\u00fcr die Babytrage an.<\/p>\n<\/div><a class=\"bouton\" href=\"https:\/\/www.campinglekervastard.com\/wp-content\/uploads\/2025\/04\/Locations-velos-2025-affichage.pdf\" target=\"_blank\" rel=\"noopener\">Entdecken Sie die Preise<\/a><\/div><div class=\"text-image-new-colonne\"><img decoding=\"async\" src=\"https:\/\/www.campinglekervastard.com\/wp-content\/uploads\/2024\/04\/location-velo-camping-bretagne.jpg\" alt=\"Fahrradverleih Campingplatz Bretagne\" class=\"text-image-new-thumb\" \/><\/div><\/div>\n\n<div class=\"text-image-new style1 image-left\"><div class=\"text-image-new-colonne\"><div class=\"text-image-new-content\"><p><strong>BUCHUNG<\/strong><\/p>\n<p>Holen Sie sich an der Rezeption Ihre Tickets f\u00fcr Kreuzfahrten nach L\u2019Archipel, zu den Gl\u00e9nan-Inseln, L\u2019Odet und Concarneau.<\/p>\n<p>Die Reederei Vedettes de l&#8217;Odet organisiert Kreuzfahrten auf dem Fluss Odet, zu den Gl\u00e9nan-Inseln und in der Bucht von Concarneau, um die Sch\u00f6nheit gesch\u00fctzter Naturst\u00e4tten, Juwelen der Region, zu entdecken. Werden Sie in Begleitung spannender Guides auch leidenschaftlich!<\/p>\n<p>W\u00e4hlen Sie die Formel, die zu Ihnen passt.<\/p>\n<\/div><a class=\"bouton\" href=\"https:\/\/www.campinglekervastard.com\/wp-content\/uploads\/2025\/04\/Guide-croisieres-2025.pdf\" target=\"_blank\" rel=\"noopener\">Entdecken Sie die Preise<\/a><\/div><div class=\"text-image-new-colonne\"><img decoding=\"async\" src=\"https:\/\/www.campinglekervastard.com\/wp-content\/uploads\/2024\/04\/billeterie-services-camping-bretagne.jpg\" alt=\"Kasse des Campingplatzes Bretagne\" class=\"text-image-new-thumb\" \/><\/div><\/div>\n\n<div class=\"text-image-new style1 image-right background-marron\"><div class=\"text-image-new-colonne\"><div class=\"text-image-new-content\"><p><strong>W\u00c4SCHEVERMIETUNG<\/strong><\/p>\n<ul>\n<li>Bettw\u00e4scheset f\u00fcr 2 Personen: 2 gro\u00dfe Laken + 2 quadratische Kissenbez\u00fcge 15,00 \u20ac<\/li>\n<li>Bettw\u00e4scheset f\u00fcr 1 Person: 2 kleine Laken + 1 quadratischer Kissenbezug 12,00 \u20ac<\/li>\n<li>Handtuchset f\u00fcr 1 Person: 1 Badetuch + 1 Handtuch 9,00 \u20ac<\/li>\n<li>Badematte 3,00 \u20ac<\/li>\n<\/ul>\n<p><strong>KAUF EINER GASFLASCHE<\/strong><\/p>\n<ul>\n<li>13-kg-Flasche: 35,00 \u20ac<\/li>\n<li>Twinny-Flasche: 23,00 \u20ac<\/li>\n<\/ul>\n<p><strong>DARLEHEN<\/strong><\/p>\n<ul>\n<li>Tischtennisschl\u00e4ger und Brettspiele<\/li>\n<li>Toaster und Kochutensilien f\u00fcr Meeresfr\u00fcchte<\/li>\n<li>Haartrockner, B\u00fcgelbrett und B\u00fcgeleisen<\/li>\n<li>Elektrischer Grill<\/li>\n<\/ul>\n<\/div><\/div><div class=\"text-image-new-colonne\"><img decoding=\"async\" src=\"https:\/\/www.campinglekervastard.com\/wp-content\/uploads\/2024\/04\/location-linge-camping-bretagne.jpg\" alt=\"Vermietung von Campingplatzw\u00e4sche in der Bretagne\" class=\"text-image-new-thumb\" \/><\/div><\/div>\n\n<div class=\"text-image-new style1 image-left\"><div class=\"text-image-new-colonne\"><div class=\"text-image-new-content\"><p>200 m vom Campingplatz, BEG MEIL und seinen Gesch\u00e4ften entfernt<\/p>\n<p>Der Campingplatz Le Kervastard liegt ideal am Meer und in der N\u00e4he aller Gesch\u00e4fte. Direkt vor der Haust\u00fcr Ihrer Unterkunft finden Sie Gesch\u00e4fte, Bars und Restaurants f\u00fcr jeden Geschmack. Sie k\u00f6nnen Gerichte vor Ort genie\u00dfen oder mitnehmen und die zahlreichen Aktivit\u00e4ten und Feste in Fouesnant zu Fu\u00df genie\u00dfen, ohne Ihr Fahrzeug zu benutzen.<\/p>\n<ul>\n<li>5 Minuten vom Campingplatz entfernt finden Sie in der Saison den Wochenmarkt, auf dem Sie lokale Produkte und andere bretonische Spezialit\u00e4ten entdecken k\u00f6nnen<\/li>\n<li>Verkauf und Verkostung von Meeresfr\u00fcchten, Fisch und Schalentieren am Hafen, 300 Meter vom Campingplatz entfernt<\/li>\n<li>Buchhandlung und Pressezentrum ganz in der N\u00e4he des Campingplatzes.<\/li>\n<\/ul>\n<p>Im Zentrum von Beg-Meil wird Ihnen tags\u00fcber ein \u00f6ffentlicher Nahverkehr (Reisebusse oder Busse) die Anreise erleichtern.<br \/>\nFahrpl\u00e4ne sind an der Rezeption des Campingplatzes erh\u00e4ltlich.<\/p>\n<\/div><\/div><div class=\"text-image-new-colonne\"><img decoding=\"async\" src=\"https:\/\/www.campinglekervastard.com\/wp-content\/uploads\/2024\/04\/camping-kervastard.jpg\" alt=\"Gesch\u00e4fte auf dem Campingplatz Finist\u00e8re\" class=\"text-image-new-thumb\" \/><\/div><\/div>","protected":false},"excerpt":{"rendered":"","protected":false},"author":1,"featured_media":5427,"parent":0,"menu_order":0,"comment_status":"closed","ping_status":"closed","template":"","meta":{"_acf_changed":false,"footnotes":""},"class_list":["post-6082","page","type-page","status-publish","has-post-thumbnail","hentry"],"acf":[],"yoast_head":"<!-- This site is optimized with the Yoast SEO plugin v27.3 - https:\/\/yoast.com\/product\/yoast-seo-wordpress\/ -->\n<title>Campingplatz mit Serviceleistungen in Fouesnant, S\u00fcd-Finist\u00e8re, Bretagne<\/title>\n<meta name=\"description\" content=\"Entdecken Sie die Leistungen unseres 3-Sterne-Campingplatzes in Fouesnant im Finist\u00e8re f\u00fcr einen Urlaub unter der Sonne!\" \/>\n<meta name=\"robots\" content=\"index, follow, max-snippet:-1, max-image-preview:large, max-video-preview:-1\" \/>\n<link rel=\"canonical\" href=\"https:\/\/www.campinglekervastard.com\/de\/dienstleistungen\/\" \/>\n<meta property=\"og:locale\" content=\"de_DE\" \/>\n<meta property=\"og:type\" content=\"article\" \/>\n<meta property=\"og:title\" content=\"Campingplatz mit Serviceleistungen in Fouesnant, S\u00fcd-Finist\u00e8re, Bretagne\" \/>\n<meta property=\"og:description\" content=\"Entdecken Sie die Leistungen unseres 3-Sterne-Campingplatzes in Fouesnant im Finist\u00e8re f\u00fcr einen Urlaub unter der Sonne!\" \/>\n<meta property=\"og:url\" content=\"https:\/\/www.campinglekervastard.com\/de\/dienstleistungen\/\" \/>\n<meta property=\"og:site_name\" content=\"Camping le Kervastard\" \/>\n<meta property=\"article:modified_time\" content=\"2025-04-07T14:49:26+00:00\" \/>\n<meta property=\"og:image\" content=\"https:\/\/www.campinglekervastard.com\/wp-content\/uploads\/2024\/04\/20240412_161422.jpg\" \/>\n\t<meta property=\"og:image:width\" content=\"2048\" \/>\n\t<meta property=\"og:image:height\" content=\"1536\" \/>\n\t<meta property=\"og:image:type\" content=\"image\/jpeg\" \/>\n<meta name=\"twitter:card\" content=\"summary_large_image\" \/>\n<meta name=\"twitter:label1\" content=\"Gesch\u00e4tzte Lesezeit\" \/>\n\t<meta name=\"twitter:data1\" content=\"1\u00a0Minute\" \/>\n<script type=\"application\/ld+json\" class=\"yoast-schema-graph\">{\"@context\":\"https:\\\/\\\/schema.org\",\"@graph\":[{\"@type\":\"WebPage\",\"@id\":\"https:\\\/\\\/www.campinglekervastard.com\\\/de\\\/dienstleistungen\\\/\",\"url\":\"https:\\\/\\\/www.campinglekervastard.com\\\/de\\\/dienstleistungen\\\/\",\"name\":\"Campingplatz mit Serviceleistungen in Fouesnant, S\u00fcd-Finist\u00e8re, Bretagne\",\"isPartOf\":{\"@id\":\"https:\\\/\\\/www.campinglekervastard.com\\\/de\\\/#website\"},\"primaryImageOfPage\":{\"@id\":\"https:\\\/\\\/www.campinglekervastard.com\\\/de\\\/dienstleistungen\\\/#primaryimage\"},\"image\":{\"@id\":\"https:\\\/\\\/www.campinglekervastard.com\\\/de\\\/dienstleistungen\\\/#primaryimage\"},\"thumbnailUrl\":\"https:\\\/\\\/www.campinglekervastard.com\\\/wp-content\\\/uploads\\\/2024\\\/04\\\/20240412_161422.jpg\",\"datePublished\":\"2021-03-12T10:28:11+00:00\",\"dateModified\":\"2025-04-07T14:49:26+00:00\",\"description\":\"Entdecken Sie die Leistungen unseres 3-Sterne-Campingplatzes in Fouesnant im Finist\u00e8re f\u00fcr einen Urlaub unter der Sonne!\",\"breadcrumb\":{\"@id\":\"https:\\\/\\\/www.campinglekervastard.com\\\/de\\\/dienstleistungen\\\/#breadcrumb\"},\"inLanguage\":\"de\",\"potentialAction\":[{\"@type\":\"ReadAction\",\"target\":[\"https:\\\/\\\/www.campinglekervastard.com\\\/de\\\/dienstleistungen\\\/\"]}]},{\"@type\":\"ImageObject\",\"inLanguage\":\"de\",\"@id\":\"https:\\\/\\\/www.campinglekervastard.com\\\/de\\\/dienstleistungen\\\/#primaryimage\",\"url\":\"https:\\\/\\\/www.campinglekervastard.com\\\/wp-content\\\/uploads\\\/2024\\\/04\\\/20240412_161422.jpg\",\"contentUrl\":\"https:\\\/\\\/www.campinglekervastard.com\\\/wp-content\\\/uploads\\\/2024\\\/04\\\/20240412_161422.jpg\",\"width\":2048,\"height\":1536},{\"@type\":\"BreadcrumbList\",\"@id\":\"https:\\\/\\\/www.campinglekervastard.com\\\/de\\\/dienstleistungen\\\/#breadcrumb\",\"itemListElement\":[{\"@type\":\"ListItem\",\"position\":1,\"name\":\"Camping Finistere Sud \u00e0 Fouesnant\",\"item\":\"https:\\\/\\\/www.campinglekervastard.com\\\/de\\\/\"},{\"@type\":\"ListItem\",\"position\":2,\"name\":\"Campingdienstleistungen im s\u00fcdlichen Finist\u00e8re\"}]},{\"@type\":\"WebSite\",\"@id\":\"https:\\\/\\\/www.campinglekervastard.com\\\/de\\\/#website\",\"url\":\"https:\\\/\\\/www.campinglekervastard.com\\\/de\\\/\",\"name\":\"Camping le Kervastard\",\"description\":\"\",\"potentialAction\":[{\"@type\":\"SearchAction\",\"target\":{\"@type\":\"EntryPoint\",\"urlTemplate\":\"https:\\\/\\\/www.campinglekervastard.com\\\/de\\\/?s={search_term_string}\"},\"query-input\":{\"@type\":\"PropertyValueSpecification\",\"valueRequired\":true,\"valueName\":\"search_term_string\"}}],\"inLanguage\":\"de\"}]}<\/script>\n<!-- \/ Yoast SEO plugin. -->","yoast_head_json":{"title":"Campingplatz mit Serviceleistungen in Fouesnant, S\u00fcd-Finist\u00e8re, Bretagne","description":"Entdecken Sie die Leistungen unseres 3-Sterne-Campingplatzes in Fouesnant im Finist\u00e8re f\u00fcr einen Urlaub unter der Sonne!","robots":{"index":"index","follow":"follow","max-snippet":"max-snippet:-1","max-image-preview":"max-image-preview:large","max-video-preview":"max-video-preview:-1"},"canonical":"https:\/\/www.campinglekervastard.com\/de\/dienstleistungen\/","og_locale":"de_DE","og_type":"article","og_title":"Campingplatz mit Serviceleistungen in Fouesnant, S\u00fcd-Finist\u00e8re, Bretagne","og_description":"Entdecken Sie die Leistungen unseres 3-Sterne-Campingplatzes in Fouesnant im Finist\u00e8re f\u00fcr einen Urlaub unter der Sonne!","og_url":"https:\/\/www.campinglekervastard.com\/de\/dienstleistungen\/","og_site_name":"Camping le Kervastard","article_modified_time":"2025-04-07T14:49:26+00:00","og_image":[{"width":2048,"height":1536,"url":"https:\/\/www.campinglekervastard.com\/wp-content\/uploads\/2024\/04\/20240412_161422.jpg","type":"image\/jpeg"}],"twitter_card":"summary_large_image","twitter_misc":{"Gesch\u00e4tzte Lesezeit":"1\u00a0Minute"},"schema":{"@context":"https:\/\/schema.org","@graph":[{"@type":"WebPage","@id":"https:\/\/www.campinglekervastard.com\/de\/dienstleistungen\/","url":"https:\/\/www.campinglekervastard.com\/de\/dienstleistungen\/","name":"Campingplatz mit Serviceleistungen in Fouesnant, S\u00fcd-Finist\u00e8re, Bretagne","isPartOf":{"@id":"https:\/\/www.campinglekervastard.com\/de\/#website"},"primaryImageOfPage":{"@id":"https:\/\/www.campinglekervastard.com\/de\/dienstleistungen\/#primaryimage"},"image":{"@id":"https:\/\/www.campinglekervastard.com\/de\/dienstleistungen\/#primaryimage"},"thumbnailUrl":"https:\/\/www.campinglekervastard.com\/wp-content\/uploads\/2024\/04\/20240412_161422.jpg","datePublished":"2021-03-12T10:28:11+00:00","dateModified":"2025-04-07T14:49:26+00:00","description":"Entdecken Sie die Leistungen unseres 3-Sterne-Campingplatzes in Fouesnant im Finist\u00e8re f\u00fcr einen Urlaub unter der Sonne!","breadcrumb":{"@id":"https:\/\/www.campinglekervastard.com\/de\/dienstleistungen\/#breadcrumb"},"inLanguage":"de","potentialAction":[{"@type":"ReadAction","target":["https:\/\/www.campinglekervastard.com\/de\/dienstleistungen\/"]}]},{"@type":"ImageObject","inLanguage":"de","@id":"https:\/\/www.campinglekervastard.com\/de\/dienstleistungen\/#primaryimage","url":"https:\/\/www.campinglekervastard.com\/wp-content\/uploads\/2024\/04\/20240412_161422.jpg","contentUrl":"https:\/\/www.campinglekervastard.com\/wp-content\/uploads\/2024\/04\/20240412_161422.jpg","width":2048,"height":1536},{"@type":"BreadcrumbList","@id":"https:\/\/www.campinglekervastard.com\/de\/dienstleistungen\/#breadcrumb","itemListElement":[{"@type":"ListItem","position":1,"name":"Camping Finistere Sud \u00e0 Fouesnant","item":"https:\/\/www.campinglekervastard.com\/de\/"},{"@type":"ListItem","position":2,"name":"Campingdienstleistungen im s\u00fcdlichen Finist\u00e8re"}]},{"@type":"WebSite","@id":"https:\/\/www.campinglekervastard.com\/de\/#website","url":"https:\/\/www.campinglekervastard.com\/de\/","name":"Camping le Kervastard","description":"","potentialAction":[{"@type":"SearchAction","target":{"@type":"EntryPoint","urlTemplate":"https:\/\/www.campinglekervastard.com\/de\/?s={search_term_string}"},"query-input":{"@type":"PropertyValueSpecification","valueRequired":true,"valueName":"search_term_string"}}],"inLanguage":"de"}]}},"_links":{"self":[{"href":"https:\/\/www.campinglekervastard.com\/de\/wp-json\/wp\/v2\/pages\/6082","targetHints":{"allow":["GET"]}}],"collection":[{"href":"https:\/\/www.campinglekervastard.com\/de\/wp-json\/wp\/v2\/pages"}],"about":[{"href":"https:\/\/www.campinglekervastard.com\/de\/wp-json\/wp\/v2\/types\/page"}],"author":[{"embeddable":true,"href":"https:\/\/www.campinglekervastard.com\/de\/wp-json\/wp\/v2\/users\/1"}],"replies":[{"embeddable":true,"href":"https:\/\/www.campinglekervastard.com\/de\/wp-json\/wp\/v2\/comments?post=6082"}],"version-history":[{"count":7,"href":"https:\/\/www.campinglekervastard.com\/de\/wp-json\/wp\/v2\/pages\/6082\/revisions"}],"predecessor-version":[{"id":7574,"href":"https:\/\/www.campinglekervastard.com\/de\/wp-json\/wp\/v2\/pages\/6082\/revisions\/7574"}],"wp:featuredmedia":[{"embeddable":true,"href":"https:\/\/www.campinglekervastard.com\/de\/wp-json\/wp\/v2\/media\/5427"}],"wp:attachment":[{"href":"https:\/\/www.campinglekervastard.com\/de\/wp-json\/wp\/v2\/media?parent=6082"}],"curies":[{"name":"wp","href":"https:\/\/api.w.org\/{rel}","templated":true}]}}